{"id":57,"date":"2022-12-05T14:52:28","date_gmt":"2022-12-05T14:52:28","guid":{"rendered":"http:\/\/stagpartyljubljana.com\/?page_id=57"},"modified":"2022-12-09T11:28:00","modified_gmt":"2022-12-09T11:28:00","slug":"hoe-kom-ik-in-ljubljana","status":"publish","type":"page","link":"https:\/\/stagpartyljubljana.com\/nl\/hoe-kom-ik-in-ljubljana\/","title":{"rendered":"Hoe kom ik in Ljubljana?"},"content":{"rendered":"<h2 class=\"wp-block-heading\">Vliegtuig<\/h2>\n\n\n\n<p>Reizen naar Sloveni\u00eb met het vliegtuig is de <strong>meest geschikte manier<\/strong> om ons land te bereiken. De internationale luchthaven is slechts <strong>dertig minuten<\/strong> weg van Ljubljana.&nbsp;<\/p>\n\n\n\n<p>Naast rechtstreekse dagelijkse vluchten van en naar vele Europese steden, zijn er ook goedkope aanbieders zoals <strong>EasyJet<\/strong> en <strong>Wizz<\/strong> <strong>Lucht<\/strong> vliegen vanaf Sloveni\u00ebs belangrijkste internationale luchthaven Jo\u017ee Pu\u010dnik naar Londen en Brussel. Pendeldiensten en taxi's brengen u van en naar de luchthaven voor een zeer redelijke prijs.<\/p>\n\n\n\n<figure class=\"wp-block-image size-large\"><img loading=\"lazy\" decoding=\"async\" width=\"1024\" height=\"683\" src=\"https:\/\/stagpartyljubljana.com\/wp-content\/uploads\/walking-tour-ljubljana-1024x683.webp\" alt=\"wandeltocht ljubljana\" class=\"wp-image-284\" srcset=\"https:\/\/stagpartyljubljana.com\/wp-content\/uploads\/walking-tour-ljubljana-1024x683.webp 1024w, https:\/\/stagpartyljubljana.com\/wp-content\/uploads\/walking-tour-ljubljana-300x200.webp 300w, https:\/\/stagpartyljubljana.com\/wp-content\/uploads\/walking-tour-ljubljana-768x512.webp 768w, https:\/\/stagpartyljubljana.com\/wp-content\/uploads\/walking-tour-ljubljana-1536x1024.webp 1536w, https:\/\/stagpartyljubljana.com\/wp-content\/uploads\/walking-tour-ljubljana-2048x1365.webp 2048w, https:\/\/stagpartyljubljana.com\/wp-content\/uploads\/walking-tour-ljubljana-18x12.webp 18w, https:\/\/stagpartyljubljana.com\/wp-content\/uploads\/walking-tour-ljubljana-scaled.webp 1920w\" sizes=\"auto, (max-width: 1024px) 100vw, 1024px\" \/><figcaption>De oude stad van Ljubljana<\/figcaption><\/figure>\n\n\n\n<p>U kunt ook naar een nabijgelegen buitenlandse luchthaven vliegen en van daaruit Sloveni\u00eb per bus, trein of huurauto bereiken:<\/p>\n\n\n\n<p>Luchthaven Zagreb, Kroati\u00eb (ZAG) - 150 km, 1,5 uur rijden.<\/p>\n\n\n\n<p>Luchthaven van Veneti\u00eb, Itali\u00eb (VCE) - 230 km, 2,5 uur rijden met de auto<\/p>\n\n\n\n<p>Vliegveld Wenen, Oostenrijk (VIE) - 390 km, 4 uur rijden met de auto<\/p>\n\n\n\n<p>Luchthaven M\u00fcnchen, Duitsland (MUC) - 430 km, 4,5 uur rijden met de auto<\/p>\n\n\n\n<h2 class=\"wp-block-heading\">Trein<\/h2>\n\n\n\n<p>Ljubljana is <strong>goed verbonden<\/strong> met de buurlanden op het gebied van treinverkeer. Het Centraal Station ligt in het centrum van de stad en heeft treinverbindingen met steden als Wenen, Tri\u00ebst, Z\u00fcrich, Praag, Zagreb en Boedapest.<\/p>\n\n\n\n<h2 class=\"wp-block-heading\">Bus<\/h2>\n\n\n\n<p>Er zijn vele <strong>betaalbare busaanbieders<\/strong> in Sloveni\u00eb, waaronder Flixbus, Nomago, en zelfs Florentia Bus. Behalve dat ze u naar alle hoeken van het land brengen, kunt u ook een bus nemen vanuit meerdere buitenlandse steden om u naar Ljubljana te brengen.<\/p>\n\n\n\n<h2 class=\"wp-block-heading\">Auto<\/h2>\n\n\n\n<p>De <strong>optimale manier<\/strong> Het moderne systeem van snelwegen en regionale wegen is de beste manier om naar en in Sloveni\u00eb te reizen. De bewegwijzerde en goed onderhouden Sloveense wegen zijn aangenaam om op te rijden, zelfs de plaatselijke smallere en bochtige wegen.<\/p>\n\n\n\n<p>Een auto huren is handig vanwege <strong>talrijke autoverhuurdiensten<\/strong> in de meeste grote steden. Snelwegen vereisen een verplichte vignetsticker, maar de verhuurwinkels zorgen daar meestal voor.&nbsp;<br>Ljubljana is geen grote stad, dus een bezoek met de auto is niet ingewikkeld. U moet er alleen aan denken om in de<strong> rechterrijstrook<\/strong>. In geval van bijkomende vragen met betrekking tot uw aankomst, kunt u contact met ons opnemen, en wij zullen u helpen.<\/p>","protected":false},"excerpt":{"rendered":"<p>Vliegtuig Reizen naar Sloveni\u00eb met het vliegtuig is de handigste manier om ons land te bereiken. Het internationale vliegveld ligt op slechts dertig minuten afstand van Ljubljana.  Naast directe dagelijkse vluchten van en naar veel Europese steden, vliegen low-cost aanbieders als EasyJet en Wizz Air vanaf Sloveni\u00ebs belangrijkste internationale luchthaven Jo\u017ee Pu\u010dnik naar Londen en Brussel. Pendeldiensten ... <a href=\"https:\/\/stagpartyljubljana.com\/nl\/hoe-kom-ik-in-ljubljana\/\">Vervolg<\/a><\/p>","protected":false},"author":43,"featured_media":283,"parent":0,"menu_order":0,"comment_status":"closed","ping_status":"closed","template":"","meta":{"_acf_changed":false,"footnotes":""},"class_list":["post-57","page","type-page","status-publish","has-post-thumbnail","hentry"],"acf":{"page_subheading":"Here is a quick overview of all the means of transportation you can take to Ljubljana because we want your journey to be as hassle-free as possible."},"_links":{"self":[{"href":"https:\/\/stagpartyljubljana.com\/nl\/wp-json\/wp\/v2\/pages\/57","targetHints":{"allow":["GET"]}}],"collection":[{"href":"https:\/\/stagpartyljubljana.com\/nl\/wp-json\/wp\/v2\/pages"}],"about":[{"href":"https:\/\/stagpartyljubljana.com\/nl\/wp-json\/wp\/v2\/types\/page"}],"author":[{"embeddable":true,"href":"https:\/\/stagpartyljubljana.com\/nl\/wp-json\/wp\/v2\/users\/43"}],"replies":[{"embeddable":true,"href":"https:\/\/stagpartyljubljana.com\/nl\/wp-json\/wp\/v2\/comments?post=57"}],"version-history":[{"count":5,"href":"https:\/\/stagpartyljubljana.com\/nl\/wp-json\/wp\/v2\/pages\/57\/revisions"}],"predecessor-version":[{"id":926,"href":"https:\/\/stagpartyljubljana.com\/nl\/wp-json\/wp\/v2\/pages\/57\/revisions\/926"}],"wp:featuredmedia":[{"embeddable":true,"href":"https:\/\/stagpartyljubljana.com\/nl\/wp-json\/wp\/v2\/media\/283"}],"wp:attachment":[{"href":"https:\/\/stagpartyljubljana.com\/nl\/wp-json\/wp\/v2\/media?parent=57"}],"curies":[{"name":"wp","href":"https:\/\/api.w.org\/{rel}","templated":true}]}}