{"id":57,"date":"2022-12-05T14:52:28","date_gmt":"2022-12-05T14:52:28","guid":{"rendered":"http:\/\/stagpartyljubljana.com\/?page_id=57"},"modified":"2022-12-09T11:28:00","modified_gmt":"2022-12-09T11:28:00","slug":"come-raggiungere-lubiana","status":"publish","type":"page","link":"https:\/\/stagpartyljubljana.com\/it\/come-raggiungere-lubiana\/","title":{"rendered":"Come raggiungere Lubiana"},"content":{"rendered":"<h2 class=\"wp-block-heading\">Aereo<\/h2>\n\n\n\n<p>Raggiungere la Slovenia in aereo \u00e8 il <strong>il modo pi\u00f9 conveniente<\/strong> di raggiungere il nostro Paese. L'aeroporto internazionale \u00e8 solo <strong>trenta minuti<\/strong> da Lubiana.&nbsp;<\/p>\n\n\n\n<p>Oltre ai voli diretti giornalieri da e per molte citt\u00e0 europee, i fornitori low-cost come <strong>EasyJet<\/strong> e <strong>Wizz<\/strong> <strong>Aria<\/strong> volare dal principale aeroporto internazionale della Slovenia, Jo\u017ee Pu\u010dnik, a Londra e Bruxelles. Navette e taxi vi porteranno da e per l'aeroporto a un prezzo molto ragionevole.<\/p>\n\n\n\n<figure class=\"wp-block-image size-large\"><img loading=\"lazy\" decoding=\"async\" width=\"1024\" height=\"683\" src=\"https:\/\/stagpartyljubljana.com\/wp-content\/uploads\/walking-tour-ljubljana-1024x683.webp\" alt=\"tour a piedi di Lubiana\" class=\"wp-image-284\" srcset=\"https:\/\/stagpartyljubljana.com\/wp-content\/uploads\/walking-tour-ljubljana-1024x683.webp 1024w, https:\/\/stagpartyljubljana.com\/wp-content\/uploads\/walking-tour-ljubljana-300x200.webp 300w, https:\/\/stagpartyljubljana.com\/wp-content\/uploads\/walking-tour-ljubljana-768x512.webp 768w, https:\/\/stagpartyljubljana.com\/wp-content\/uploads\/walking-tour-ljubljana-1536x1024.webp 1536w, https:\/\/stagpartyljubljana.com\/wp-content\/uploads\/walking-tour-ljubljana-2048x1365.webp 2048w, https:\/\/stagpartyljubljana.com\/wp-content\/uploads\/walking-tour-ljubljana-18x12.webp 18w, https:\/\/stagpartyljubljana.com\/wp-content\/uploads\/walking-tour-ljubljana-scaled.webp 1920w\" sizes=\"auto, (max-width: 1024px) 100vw, 1024px\" \/><figcaption>Il centro storico di Lubiana<\/figcaption><\/figure>\n\n\n\n<p>Potete anche volare in un aeroporto straniero vicino e da l\u00ec accedere alla Slovenia in autobus, treno o auto a noleggio:<\/p>\n\n\n\n<p>Aeroporto di Zagabria, Croazia (ZAG) - 150 km, 1,5 h in auto<\/p>\n\n\n\n<p>Aeroporto di Venezia, Italia (VCE) - 230 km, 2,5 h in auto<\/p>\n\n\n\n<p>Aeroporto di Vienna, Austria (VIE) - 390 km, 4 ore in auto<\/p>\n\n\n\n<p>Aeroporto di Monaco, Germania (MUC) - 430 km, 4,5 ore in auto<\/p>\n\n\n\n<h2 class=\"wp-block-heading\">Treno<\/h2>\n\n\n\n<p>Lubiana \u00e8 <strong>ben collegato<\/strong> con i Paesi vicini in termini di transito ferroviario. La stazione ferroviaria centrale si trova nel centro della citt\u00e0 e dispone di collegamenti ferroviari con citt\u00e0 come Vienna, Trieste, Zurigo, Praga, Zagabria, Budapest e altre ancora.<\/p>\n\n\n\n<h2 class=\"wp-block-heading\">Autobus<\/h2>\n\n\n\n<p>Ci sono molti <strong>fornitori di autobus a prezzi accessibili<\/strong> in Slovenia, tra cui Flixbus, Nomago e persino Florentia Bus. Oltre a portarvi in ogni angolo del Paese, potete anche prendere un pullman da diverse citt\u00e0 straniere per portarvi a Lubiana.<\/p>\n\n\n\n<h2 class=\"wp-block-heading\">Auto<\/h2>\n\n\n\n<p>Il <strong>modo ottimale<\/strong> La soluzione migliore per viaggiare in Slovenia \u00e8 quella di utilizzare il suo moderno sistema di autostrade e strade regionali. Segnalate e ben tenute, le strade slovene sono piacevoli da percorrere, anche quelle locali pi\u00f9 strette e tortuose.<\/p>\n\n\n\n<p>Noleggiare un'auto \u00e8 conveniente grazie a <strong>numerosi servizi di noleggio auto<\/strong> nella maggior parte delle grandi citt\u00e0. Le autostrade richiedono una vignetta obbligatoria, ma di solito sono i negozi di noleggio a fornirla.&nbsp;<br>Lubiana non \u00e8 una citt\u00e0 molto grande, quindi visitarla in auto non \u00e8 complicato. Dovete solo ricordarvi di guidare nel<strong> corsia di destra<\/strong>. In caso di ulteriori domande relative al vostro arrivo, potete contattarci e vi assisteremo.<\/p>","protected":false},"excerpt":{"rendered":"<p>Aereo Viaggiare in Slovenia in aereo \u00e8 il modo pi\u00f9 comodo per raggiungere il nostro Paese. L'aeroporto internazionale dista solo trenta minuti da Lubiana.  Oltre ai voli diretti giornalieri da e per molte citt\u00e0 europee, compagnie low-cost come EasyJet e Wizz Air volano dal principale aeroporto internazionale sloveno Jo\u017ee Pu\u010dnik a Londra e Bruxelles. Navette ... <a href=\"https:\/\/stagpartyljubljana.com\/it\/come-raggiungere-lubiana\/\">Continua<\/a><\/p>","protected":false},"author":43,"featured_media":283,"parent":0,"menu_order":0,"comment_status":"closed","ping_status":"closed","template":"","meta":{"_acf_changed":false,"footnotes":""},"class_list":["post-57","page","type-page","status-publish","has-post-thumbnail","hentry"],"acf":{"page_subheading":"Here is a quick overview of all the means of transportation you can take to Ljubljana because we want your journey to be as hassle-free as possible."},"_links":{"self":[{"href":"https:\/\/stagpartyljubljana.com\/it\/wp-json\/wp\/v2\/pages\/57","targetHints":{"allow":["GET"]}}],"collection":[{"href":"https:\/\/stagpartyljubljana.com\/it\/wp-json\/wp\/v2\/pages"}],"about":[{"href":"https:\/\/stagpartyljubljana.com\/it\/wp-json\/wp\/v2\/types\/page"}],"author":[{"embeddable":true,"href":"https:\/\/stagpartyljubljana.com\/it\/wp-json\/wp\/v2\/users\/43"}],"replies":[{"embeddable":true,"href":"https:\/\/stagpartyljubljana.com\/it\/wp-json\/wp\/v2\/comments?post=57"}],"version-history":[{"count":5,"href":"https:\/\/stagpartyljubljana.com\/it\/wp-json\/wp\/v2\/pages\/57\/revisions"}],"predecessor-version":[{"id":926,"href":"https:\/\/stagpartyljubljana.com\/it\/wp-json\/wp\/v2\/pages\/57\/revisions\/926"}],"wp:featuredmedia":[{"embeddable":true,"href":"https:\/\/stagpartyljubljana.com\/it\/wp-json\/wp\/v2\/media\/283"}],"wp:attachment":[{"href":"https:\/\/stagpartyljubljana.com\/it\/wp-json\/wp\/v2\/media?parent=57"}],"curies":[{"name":"wp","href":"https:\/\/api.w.org\/{rel}","templated":true}]}}