{"id":53,"date":"2022-12-05T14:52:18","date_gmt":"2022-12-05T14:52:18","guid":{"rendered":"http:\/\/stagpartyljubljana.com\/?page_id=53"},"modified":"2022-12-19T13:18:14","modified_gmt":"2022-12-19T13:18:14","slug":"su-lubiana","status":"publish","type":"page","link":"https:\/\/stagpartyljubljana.com\/it\/su-lubiana\/","title":{"rendered":"Informazioni su Lubiana"},"content":{"rendered":"<p>La Slovenia si trova in <strong>Europa centro-meridionale<\/strong> e fa parte del <strong>UE<\/strong> <strong>e la zona Schengen<\/strong>. Lubiana \u00e8 la citt\u00e0 pi\u00f9 grande e la capitale della Slovenia.&nbsp;<\/p>\n\n\n\n<figure class=\"wp-block-image size-large\"><img loading=\"lazy\" decoding=\"async\" width=\"1024\" height=\"683\" src=\"https:\/\/stagpartyljubljana.com\/wp-content\/uploads\/walking-tour-1024x683.webp\" alt=\"tour a piedi\" class=\"wp-image-285\" srcset=\"https:\/\/stagpartyljubljana.com\/wp-content\/uploads\/walking-tour-1024x683.webp 1024w, https:\/\/stagpartyljubljana.com\/wp-content\/uploads\/walking-tour-300x200.webp 300w, https:\/\/stagpartyljubljana.com\/wp-content\/uploads\/walking-tour-768x512.webp 768w, https:\/\/stagpartyljubljana.com\/wp-content\/uploads\/walking-tour-1536x1024.webp 1536w, https:\/\/stagpartyljubljana.com\/wp-content\/uploads\/walking-tour-2048x1365.webp 2048w, https:\/\/stagpartyljubljana.com\/wp-content\/uploads\/walking-tour-18x12.webp 18w, https:\/\/stagpartyljubljana.com\/wp-content\/uploads\/walking-tour-scaled.webp 1920w\" sizes=\"auto, (max-width: 1024px) 100vw, 1024px\" \/><figcaption class=\"wp-element-caption\">Il centro di Lubiana<\/figcaption><\/figure>\n\n\n\n<p>Il clima \u00e8 simile a quello dell'Europa continentale, quindi, a seconda della stagione in cui arriverete, dovrete portare con voi abiti invernali o estivi perch\u00e9 le temperature dell'aria variano parecchio. I prezzi sono simili a quelli medi dell'UE, ma le esigenze non basilari come le feste possono essere <strong>leggermente pi\u00f9 economico<\/strong> rispetto alle regioni settentrionali dell'Europa.&nbsp;<\/p>\n\n\n\n<p>Lubiana \u00e8 anche <strong>una delle citt\u00e0 pi\u00f9 sicure d'Europa<\/strong>. I trasporti locali sono ben organizzati, compresi i servizi di taxi, che sono relativamente convenienti. Le opzioni di alloggio sono infinite e di buona qualit\u00e0.<\/p>\n\n\n\n<h2 class=\"wp-block-heading\">Com'\u00e8 la vita di festa a Lubiana?<\/h2>\n\n\n\n<p>Essendo una citt\u00e0 relativamente piccola, la maggior parte dei pub, dei bar e delle discoteche di Lubiana si trovano nel centro della citt\u00e0 e sono raggiungibili a piedi l'uno dall'altro.<\/p>\n\n\n\n<figure class=\"wp-block-image size-full\"><img loading=\"lazy\" decoding=\"async\" width=\"960\" height=\"640\" src=\"https:\/\/stagpartyljubljana.com\/wp-content\/uploads\/Club-party-package-stag-party-ljubljana-vip.webp\" alt=\"Pacchetto festa in discoteca addio al celibato a Lubiana vip\" class=\"wp-image-759\" srcset=\"https:\/\/stagpartyljubljana.com\/wp-content\/uploads\/Club-party-package-stag-party-ljubljana-vip.webp 960w, https:\/\/stagpartyljubljana.com\/wp-content\/uploads\/Club-party-package-stag-party-ljubljana-vip-300x200.webp 300w, https:\/\/stagpartyljubljana.com\/wp-content\/uploads\/Club-party-package-stag-party-ljubljana-vip-768x512.webp 768w, https:\/\/stagpartyljubljana.com\/wp-content\/uploads\/Club-party-package-stag-party-ljubljana-vip-18x12.webp 18w\" sizes=\"auto, (max-width: 960px) 100vw, 960px\" \/><figcaption class=\"wp-element-caption\">Festa a Lubiana<\/figcaption><\/figure>\n\n\n\n<p>Lubiana presenta tutti i tipi di locali, da quelli lussuosi ai pub pi\u00f9 rilassati, fino ai club alternativi come il Metelkova City. La maggior parte dell'azione sociale si svolge lungo le rive del fiume Ljubljanica, in particolare nelle aree della cosiddetta <a href=\"https:\/\/goo.gl\/maps\/gejv98qTuhXHPefWA\">Cankarjevo nabre\u017eje<\/a> e <a href=\"https:\/\/goo.gl\/maps\/yGWe2NaXztDJvkP5A\">Petkov\u0161kovo nabre\u017eje<\/a>.&nbsp;<\/p>\n\n\n\n<p>I bar e i pub si susseguono in fila e si possono visitare uno dopo l'altro prima di decidere dove concludere la serata. Potete anche contare su alcuni sloveni amichevoli che vi indirizzeranno. Potrebbe anche accadere che vi ritroviate a festeggiare con loro fino alle prime ore del mattino.<\/p>\n\n\n\n<h2 class=\"wp-block-heading\">Quali sono le cose da fare assolutamente a Lubiana?<\/h2>\n\n\n\n<ul class=\"wp-block-list\">\n<li>Cucina tradizionale slovena con birra artigianale locale<\/li>\n\n\n\n<li>Andare in discoteca nei migliori locali di Lubiana (Cirkus Club, Cvetli\u010darna Club, Metelkova City ecc.)&nbsp;<\/li>\n\n\n\n<li>Festa in barca sul fiume Ljubljanica<\/li>\n\n\n\n<li>Gara di karting su una delle migliori piste d'Europa<\/li>\n\n\n\n<li>Rafting e canyoning sul fiume So\u010da<\/li>\n\n\n\n<li>Giornata adrenalinica in montagna<\/li>\n\n\n\n<li>Sci, snowboard e slittino notturno<\/li>\n\n\n\n<li>Tour in bicicletta intorno a Lubiana<\/li>\n\n\n\n<li>Degustazione di vini e birre<\/li>\n<\/ul>\n\n\n\n<h2 class=\"wp-block-heading\">Valuta e pagamenti<\/h2>\n\n\n\n<p>La Slovenia utilizza il <strong>Euro<\/strong> come valuta. Non avrete problemi a trovare un bancomat e il pagamento con carta di credito o di debito \u00e8 disponibile nella maggior parte dei locali. Tuttavia, assicuratevi di portare con voi un po' di contanti per ogni evenienza.<\/p>\n\n\n\n<h3 class=\"wp-block-heading\">Prezzi casuali<\/h3>\n\n\n\n<p><strong>Birra<\/strong>: circa \u20ac<\/p>\n\n\n\n<p><strong>Hamburger<\/strong>: 4\u20ac<\/p>\n\n\n\n<p><strong>Coppa<\/strong> <strong>di<\/strong> <strong>caff\u00e8<\/strong>: 1.8\u20ac<\/p>\n\n\n\n<p><strong>Club<\/strong> <strong>ingresso<\/strong>: 5-10\u20ac<\/p>\n\n\n\n<p><strong>Taxi<\/strong>: da 0,9\u20ac\/km<\/p>\n\n\n\n<h2 class=\"wp-block-heading\">Sicurezza<\/h2>\n\n\n\n<p>La Slovenia \u00e8 il <strong>7\u00b0 Paese pi\u00f9 sicuro al mondo<\/strong>. In altre parole: una visita assolutamente sicura. Il tasso di criminalit\u00e0 \u00e8 basso e il numero di crimini violenti, gi\u00e0 esiguo, \u00e8 in forte calo.&nbsp;<\/p>\n\n\n\n<figure class=\"wp-block-image size-large\"><img loading=\"lazy\" decoding=\"async\" width=\"1024\" height=\"685\" src=\"https:\/\/stagpartyljubljana.com\/wp-content\/uploads\/walkingtour-1024x685.webp\" alt=\"tour a piedi\" class=\"wp-image-286\" srcset=\"https:\/\/stagpartyljubljana.com\/wp-content\/uploads\/walkingtour-1024x685.webp 1024w, https:\/\/stagpartyljubljana.com\/wp-content\/uploads\/walkingtour-300x201.webp 300w, https:\/\/stagpartyljubljana.com\/wp-content\/uploads\/walkingtour-768x514.webp 768w, https:\/\/stagpartyljubljana.com\/wp-content\/uploads\/walkingtour-1536x1028.webp 1536w, https:\/\/stagpartyljubljana.com\/wp-content\/uploads\/walkingtour-2048x1370.webp 2048w, https:\/\/stagpartyljubljana.com\/wp-content\/uploads\/walkingtour-18x12.webp 18w, https:\/\/stagpartyljubljana.com\/wp-content\/uploads\/walkingtour-scaled.webp 1920w\" sizes=\"auto, (max-width: 1024px) 100vw, 1024px\" \/><figcaption class=\"wp-element-caption\">Castello di Lubiana<\/figcaption><\/figure>\n\n\n\n<p>Possono verificarsi occasionalmente problemi di borseggi o piccoli furti, ma si tratta pi\u00f9 di un'eccezione che di una regola. In conclusione, visitare la Slovenia comporta un basso rischio, sia che si viaggi da soli, sia che si viaggi con amici o in famiglia.<\/p>\n\n\n\n<h2 class=\"wp-block-heading\">Visto<\/h2>\n\n\n\n<p>In generale, un <strong>il visto non \u00e8 necessario<\/strong> per soggiorni inferiori a 90 giorni, anche se per alcune nazionalit\u00e0 \u00e8 necessario un visto Schengen valido per l'UE. Il passaporto deve essere valido almeno per i seguenti periodi <strong>sei mesi<\/strong> del vostro rientro previsto. Se non siete sicuri di aver bisogno di un visto, visitate il sito <a href=\"http:\/\/www.doyouneedvisa.com\">Avete bisogno di un visto<\/a>.<\/p>\n\n\n\n<h2 class=\"wp-block-heading\">Lingua<\/h2>\n\n\n\n<p>La lingua ufficiale \u00e8 <strong>Sloveno<\/strong>. Ma la maggior parte degli sloveni, soprattutto le generazioni pi\u00f9 giovani, sono <strong>fluente in inglese<\/strong>. Alcuni parlano anche altre lingue straniere, quindi non avrete problemi di comunicazione.<\/p>\n\n\n\n<figure class=\"wp-block-image size-large\"><img loading=\"lazy\" decoding=\"async\" width=\"1024\" height=\"576\" src=\"https:\/\/stagpartyljubljana.com\/wp-content\/uploads\/Kayak-Ljubljanica-1024x576.webp\" alt=\"Kayak Ljubljanica\" class=\"wp-image-305\" srcset=\"https:\/\/stagpartyljubljana.com\/wp-content\/uploads\/Kayak-Ljubljanica-1024x576.webp 1024w, https:\/\/stagpartyljubljana.com\/wp-content\/uploads\/Kayak-Ljubljanica-300x169.webp 300w, https:\/\/stagpartyljubljana.com\/wp-content\/uploads\/Kayak-Ljubljanica-768x432.webp 768w, https:\/\/stagpartyljubljana.com\/wp-content\/uploads\/Kayak-Ljubljanica-1536x864.webp 1536w, https:\/\/stagpartyljubljana.com\/wp-content\/uploads\/Kayak-Ljubljanica-2048x1152.webp 2048w, https:\/\/stagpartyljubljana.com\/wp-content\/uploads\/Kayak-Ljubljanica-18x10.webp 18w, https:\/\/stagpartyljubljana.com\/wp-content\/uploads\/Kayak-Ljubljanica-scaled.webp 1920w\" sizes=\"auto, (max-width: 1024px) 100vw, 1024px\" \/><figcaption class=\"wp-element-caption\">Fiume Ljubljanica<\/figcaption><\/figure>\n\n\n\n<h2 class=\"wp-block-heading\">Tempo<\/h2>\n\n\n\n<p>Ora dell'Europa centrale GMT +1; in estate GMT +2<\/p>\n\n\n\n<h2 class=\"wp-block-heading\">Dizionario<\/h2>\n\n\n\n<p>Incontrare la nostra lingua:<\/p>\n\n\n\n<p>Ciao - Zdravo (zdra-wo)<\/p>\n\n\n\n<p>S\u00ec - Ja (ya)<\/p>\n\n\n\n<p>No - Ne (ne)<\/p>\n\n\n\n<p>Per favore - Prosim (pro-seem)<\/p>\n\n\n\n<p>Birra - Pivo (pee-vo)<\/p>\n\n\n\n<p>Vino - Vino (wee-no)<\/p>\n\n\n\n<p>Cibo - Hrana (hra-na)<\/p>\n\n\n\n<p>Parla inglese? - Govorite angle\u0161ko? (go-vo-ree-te an-glesh-ko?)<\/p>\n\n\n\n<p>Ma non preoccupatevi, la maggior parte delle persone qui parla inglese.<\/p>\n\n\n\n<h2 class=\"wp-block-heading\">Giorni festivi<\/h2>\n\n\n\n<p>1 e 2 gennaio: Anno nuovo<\/p>\n\n\n\n<p>8 febbraio - Giornata della cultura slovena<\/p>\n\n\n\n<p>Domenica di Pasqua, luned\u00ec di Pasqua in aprile<\/p>\n\n\n\n<p>7a domenica dopo Pasqua - Pentecoste<\/p>\n\n\n\n<p>27 aprile - Giornata di insurrezione contro l'occupazione<\/p>\n\n\n\n<p>1 e 2 maggio - Festa del lavoro<\/p>\n\n\n\n<p>25 giugno - Giornata nazionale<\/p>\n\n\n\n<p>15 agosto - Giorno dell'Assunzione<\/p>\n\n\n\n<p>31 ottobre - Giorno della Riforma<\/p>\n\n\n\n<p>1 novembre - Festa di tutte le anime<\/p>\n\n\n\n<p>25 dicembre - Natale<\/p>\n\n\n\n<p>26 dicembre - Giorno dell'indipendenza<\/p>","protected":false},"excerpt":{"rendered":"<p>La Slovenia si trova nell'Europa centro-meridionale e fa parte dell'UE e della zona Schengen. Lubiana \u00e8 la citt\u00e0 pi\u00f9 grande e la capitale della Slovenia.  Il clima \u00e8 simile a quello dell'Europa continentale, quindi, a seconda della stagione in cui arriverete, dovrete portare con voi abiti invernali o estivi perch\u00e9 le temperature dell'aria variano notevolmente. ... <a href=\"https:\/\/stagpartyljubljana.com\/it\/su-lubiana\/\">Continua<\/a><\/p>","protected":false},"author":43,"featured_media":857,"parent":0,"menu_order":0,"comment_status":"closed","ping_status":"closed","template":"","meta":{"_acf_changed":false,"footnotes":""},"class_list":["post-53","page","type-page","status-publish","has-post-thumbnail","hentry"],"acf":{"page_subheading":"Before you visit the capital of Slovenia, you should learn some basic information about this colorful city every stag-do party fondly remembers."},"_links":{"self":[{"href":"https:\/\/stagpartyljubljana.com\/it\/wp-json\/wp\/v2\/pages\/53","targetHints":{"allow":["GET"]}}],"collection":[{"href":"https:\/\/stagpartyljubljana.com\/it\/wp-json\/wp\/v2\/pages"}],"about":[{"href":"https:\/\/stagpartyljubljana.com\/it\/wp-json\/wp\/v2\/types\/page"}],"author":[{"embeddable":true,"href":"https:\/\/stagpartyljubljana.com\/it\/wp-json\/wp\/v2\/users\/43"}],"replies":[{"embeddable":true,"href":"https:\/\/stagpartyljubljana.com\/it\/wp-json\/wp\/v2\/comments?post=53"}],"version-history":[{"count":6,"href":"https:\/\/stagpartyljubljana.com\/it\/wp-json\/wp\/v2\/pages\/53\/revisions"}],"predecessor-version":[{"id":1276,"href":"https:\/\/stagpartyljubljana.com\/it\/wp-json\/wp\/v2\/pages\/53\/revisions\/1276"}],"wp:featuredmedia":[{"embeddable":true,"href":"https:\/\/stagpartyljubljana.com\/it\/wp-json\/wp\/v2\/media\/857"}],"wp:attachment":[{"href":"https:\/\/stagpartyljubljana.com\/it\/wp-json\/wp\/v2\/media?parent=53"}],"curies":[{"name":"wp","href":"https:\/\/api.w.org\/{rel}","templated":true}]}}