{"id":45,"date":"2022-12-05T14:51:44","date_gmt":"2022-12-05T14:51:44","guid":{"rendered":"http:\/\/stagpartyljubljana.com\/?page_id=45"},"modified":"2022-12-09T12:49:08","modified_gmt":"2022-12-09T12:49:08","slug":"club-di-lubiana","status":"publish","type":"page","link":"https:\/\/stagpartyljubljana.com\/it\/club-di-lubiana\/","title":{"rendered":"Club di Lubiana"},"content":{"rendered":"<p>Lubiana ha una vivace vita notturna che pu\u00f2 competere con qualsiasi altra capitale europea. Anche i frequentatori pi\u00f9 selettivi troveranno qualcosa per soddisfare i loro gusti nella notevole offerta di locali di Lubiana.<\/p>\n\n\n\n<p>Di seguito sono riportati alcuni dei <strong>i club pi\u00f9 popolari di Lubiana<\/strong> che possono aiutarvi a conoscere la vita notturna della citt\u00e0.<\/p>\n\n\n\n<h2 class=\"wp-block-heading\">Cirkus Club<\/h2>\n\n\n\n<p>Il Cirkus \u00e8 il centro di Lubiana <strong>miglior locale da ballo<\/strong>che ospita vari eventi ogni settimana. La musica spazia dal pop mainstream al latino, al R'n'B e al balcanico, a seconda dell'evento e del DJ. I proprietari scelgono con cura i <strong>i migliori DJ<\/strong> per ogni serata, per garantire che la qualit\u00e0 dei brani sia sempre elevata.<\/p>\n\n\n\n\n\n<p>Il club offre <strong>VIP<\/strong> e le esperienze Super VIP, con <strong>tavoli privati<\/strong> disponibili per la prenotazione. L'ingresso standard costa 10 \u20ac, mentre l'ingresso VIP costa 20 \u20ac.<\/p>\n\n\n\n<p>Il Cirkus si trova a circa cinque minuti a piedi dal centro di Lubiana ed \u00e8 adatto per essere raggiunto a piedi dai vicini hotel e ostelli.<\/p>\n\n\n\n<h2 class=\"wp-block-heading\">Ristorante Nebo Show<\/h2>\n\n\n\n<p>Il Nebo Show Restaurant \u00e8 una delle ultime novit\u00e0 della vita notturna di Lubiana. Durante le ore diurne, opera come un locale relativamente<strong> ristorante di fascia alta<\/strong>Una volta che il sole tramonta, i ballerini professionisti appaiono sul palco e si esibiscono <strong>eventi musicali<\/strong>.<\/p>\n\n\n\n\n\n<p>Il ristorante \u00e8 situato all'ultimo piano di un grattacielo nel centro della citt\u00e0, con una <strong>vista sui tetti di Lubiana<\/strong>.<\/p>\n\n\n\n<p>Nebo si rivolge ai <strong>pubblico di lusso<\/strong>. Se si frequenta questo locale, bisogna vestirsi in modo adeguato, poich\u00e9 il personale all'ingresso non consente l'ingresso a chi non \u00e8 vestito in modo appropriato.<\/p>\n\n\n\n<h2 class=\"wp-block-heading\">Square Club<\/h2>\n\n\n\n<p>Lo Square Club si trova nella Piazza del Congresso di Lubiana. Il suo<strong> vicinanza al centro citt\u00e0<\/strong> \u00e8 una destinazione popolare per i visitatori. L'atmosfera accogliente del locale, con ottima musica, tende a soddisfare gli avventori.<\/p>\n\n\n\n\n\n<p>La quota d'iscrizione \u00e8 di solito di 10 euro, ma si ospitano anche <strong>eventi gratuiti<\/strong> come il loro Picnic settimanale ogni gioved\u00ec. Lo Square Club \u00e8 un luogo eccellente per socializzare con altri giovani e <strong>belle ragazze<\/strong>.<\/p>\n\n\n\n<h2 class=\"wp-block-heading\">Club dei tiratori<\/h2>\n\n\n\n<p>Lo Shooters Club \u00e8 aperto tutte le sere dal marted\u00ec al sabato, e vi \u00e8 <strong>nessun biglietto d'ingresso<\/strong>. Il locale \u00e8 relativamente piccolo, ma attira comunque una grande folla ogni sera.<\/p>\n\n\n\n\n\n<p>Lo Shooters Club \u00e8 un bar che propone una variet\u00e0 di mix musicali, tra cui pop commerciale, musica balcanica e musica dance elettronica.<\/p>\n\n\n\n<h2 class=\"wp-block-heading\">Club K4<\/h2>\n\n\n\n<p>Il K4 Club, un club techno di Lubiana, si \u00e8 fatto un nome come il club pi\u00f9 famoso del mondo. <strong>leader della scena techno locale<\/strong>. Lo spazio si trova nel seminterrato di un vecchio edificio, che gli conferisce un aspetto caratteristico. <strong>atmosfera underground<\/strong>.<\/p>\n\n\n\n\n\n<p>I biglietti d'ingresso per gli eventi variano a seconda degli artisti che si esibiscono, poich\u00e9 lavorano regolarmente con oltre <strong>30 musicisti<\/strong>.<\/p>\n\n\n\n<h2 class=\"wp-block-heading\">Club Cvetli\u010darna<\/h2>\n\n\n\n<p>Cvetli\u010darna \u00e8 il <strong>il pi\u00f9 grande club di Lubiana<\/strong>, in funzione dal 2003. Ospita una serie di eventi, tra cui concerti, e non \u00e8 aperto al di fuori di queste occasioni. Controllate il suo programma in anticipo per essere certi di potervi assistere.<\/p>\n\n\n\n\n\n<p>I biglietti per gli eventi, soprattutto quelli pi\u00f9 popolari, spesso <strong>esaurito in anticipo<\/strong>. I prezzi possono variare molto a seconda di chi ospita l'evento e possono variare da 10\u20ac a 25\u20ac, raramente superiori.<\/p>\n\n\n\n<p>Si trova a circa tre chilometri dal centro citt\u00e0, quindi dovrete prendere un taxi per tornare al vostro alloggio, a meno che non sia vicino.<\/p>\n\n\n\n<h2 class=\"wp-block-heading\">Centro d'arte Metelkova<\/h2>\n\n\n\n<p>La citt\u00e0 di Metelkova si differenzia da altri centri d'arte contemporanea perch\u00e9 non \u00e8 un club ma un <strong>centro autonomo per attivit\u00e0 sociali e culturali<\/strong>. \u00c8 un rifugio per gli artisti moderni che vogliono esprimere la loro creativit\u00e0 e pu\u00f2 essere paragonata a Berlino. Ha radici politiche che derivano dal movimento hippie americano.<\/p>\n\n\n\n\n\n<p>\u00c8 stato incluso in questo elenco perch\u00e9 la comunit\u00e0 gestisce una <strong>numero di club e bar<\/strong> che ospitano eventi per membri della scena musicale alternativa e <strong>LGBTQ<\/strong> comunit\u00e0.<\/p>\n\n\n\n<p>Le discoteche di solito fanno pagare l'ingresso ai loro eventi; tuttavia, le persone si divertono anche a frequentare i bar e a stare al chiaro di luna nei locali. <strong>spazio comunitario<\/strong>.<\/p>\n\n\n\n<h2 class=\"wp-block-heading\">Club di striptease hardcore<\/h2>\n\n\n\n<p>Il club di striptease Hardcore \u00e8 il <strong>la migliore discoteca di Lubiana<\/strong>con un'ampia selezione di <strong>servizi erotici<\/strong> sul menu. Tutte le ragazze sono bellissime e molto cordiali. \u00c8 possibile guardare le ballerine mentre si beve il proprio drink preferito al bar o in una delle cabine o dei tavoli presenti nel locale.\u00a0<\/p>\n\n\n\n\n\n<p>\u00c8 un luogo ideale per gli addii al celibato o semplicemente per una serata divertente con gli amici. Se siete alla ricerca di qualcosa di unico e divertente, non cercate altro che questo posto!<\/p>\n\n\n\n<h3 class=\"wp-block-heading\">Avete gi\u00e0 fatto la vostra scelta per l'addio al celibato?<\/h3>\n\n\n\n<p>Potreste essere incerti o sopraffatti da tutte le opzioni che vi si parano davanti. Regalare all'addio al celibato la notte pi\u00f9 indimenticabile della sua vita non \u00e8 facile. Se compilate il nostro <a href=\"https:\/\/stagpartyljubljana.com\/it\/inchiesta\/\">modulo di richiesta<\/a>Troveremo il posto migliore per il vostro gruppo in base alle informazioni che ci fornirete.<\/p>\n\n\n\n<p>E sarete liberi di <strong>festa senza stress<\/strong>!<\/p>","protected":false},"excerpt":{"rendered":"<p>Lubiana ha una vivace vita notturna che pu\u00f2 competere con qualsiasi altra capitale europea. Anche i frequentatori pi\u00f9 selettivi troveranno qualcosa per soddisfare i loro gusti nella notevole offerta di locali di Lubiana. Di seguito sono elencati alcuni dei club pi\u00f9 popolari di Lubiana che possono aiutarvi a familiarizzare con la vita notturna della citt\u00e0. Cirkus Club Cirkus \u00e8 il locale di Lubiana ... <a href=\"https:\/\/stagpartyljubljana.com\/it\/club-di-lubiana\/\">Continua<\/a><\/p>","protected":false},"author":43,"featured_media":1001,"parent":0,"menu_order":0,"comment_status":"closed","ping_status":"closed","template":"","meta":{"_acf_changed":false,"footnotes":""},"class_list":["post-45","page","type-page","status-publish","has-post-thumbnail","hentry"],"acf":{"page_subheading":"Ljubljana has a wide array of clubs to choose from \u2014 here is a quick overview that can help you choose the club that best suits the needs of your group."},"_links":{"self":[{"href":"https:\/\/stagpartyljubljana.com\/it\/wp-json\/wp\/v2\/pages\/45","targetHints":{"allow":["GET"]}}],"collection":[{"href":"https:\/\/stagpartyljubljana.com\/it\/wp-json\/wp\/v2\/pages"}],"about":[{"href":"https:\/\/stagpartyljubljana.com\/it\/wp-json\/wp\/v2\/types\/page"}],"author":[{"embeddable":true,"href":"https:\/\/stagpartyljubljana.com\/it\/wp-json\/wp\/v2\/users\/43"}],"replies":[{"embeddable":true,"href":"https:\/\/stagpartyljubljana.com\/it\/wp-json\/wp\/v2\/comments?post=45"}],"version-history":[{"count":5,"href":"https:\/\/stagpartyljubljana.com\/it\/wp-json\/wp\/v2\/pages\/45\/revisions"}],"predecessor-version":[{"id":1019,"href":"https:\/\/stagpartyljubljana.com\/it\/wp-json\/wp\/v2\/pages\/45\/revisions\/1019"}],"wp:featuredmedia":[{"embeddable":true,"href":"https:\/\/stagpartyljubljana.com\/it\/wp-json\/wp\/v2\/media\/1001"}],"wp:attachment":[{"href":"https:\/\/stagpartyljubljana.com\/it\/wp-json\/wp\/v2\/media?parent=45"}],"curies":[{"name":"wp","href":"https:\/\/api.w.org\/{rel}","templated":true}]}}