{"id":41,"date":"2022-12-05T14:51:33","date_gmt":"2022-12-05T14:51:33","guid":{"rendered":"http:\/\/stagpartyljubljana.com\/?page_id=41"},"modified":"2022-12-09T12:29:16","modified_gmt":"2022-12-09T12:29:16","slug":"bar-di-lubiana","status":"publish","type":"page","link":"https:\/\/stagpartyljubljana.com\/it\/bar-di-lubiana\/","title":{"rendered":"Bar di Lubiana"},"content":{"rendered":"<p>Gran parte delle feste a Lubiana si svolgono nelle discoteche, ma alcuni dei migliori bar della citt\u00e0 offrono esperienze di vita notturna altrettanto emozionanti. Vale la pena menzionare anche che sono pi\u00f9 economici e hanno <strong>nessun biglietto d'ingresso<\/strong>.<\/p>\n\n\n\n<p>Per una serata fantastica a Lubiana durante il vostro addio al celibato, date un'occhiata alla nostra lista di <strong>i migliori bar della capitale slovena<\/strong>.<\/p>\n\n\n\n<h2 class=\"wp-block-heading\">Pub Parlament<\/h2>\n\n\n\n<p>Il Parliament Pub \u00e8 il <strong>il bar per studenti pi\u00f9 popolare di Lubiana<\/strong>. \u00c8 relativamente economico e la sua selezione di liquori offre un'ampia variet\u00e0 di bevande. Anche se tecnicamente \u00e8 un pub, alcuni dicono che ogni sera si trasforma in una discoteca con il suo DJ e la sua pista da ballo.<\/p>\n\n\n\n\n\n<p>Il pub si trova nel<strong> centro di Lubiana<\/strong>vicino al Parlamento sloveno. Il nome del pub \u00e8 stato ispirato da questo edificio (parlamento in sloveno). Non si paga il coperto. La gente spesso rimane tutta la notte a ballare con i migliori brani del DJ.<\/p>\n\n\n\n<h2 class=\"wp-block-heading\">Harat's Pub<\/h2>\n\n\n\n<p>Harat's Irish Pubs \u00e8 la pi\u00f9 grande catena di pub irlandesi del mondo, con musica dal vivo tutte le sere dal gioved\u00ec al sabato e quasi tutti i giorni durante l'estate.<\/p>\n\n\n\n\n\n<p>Il pub si trova sulla <strong>riva del fiume Ljubljanica<\/strong> nel centro di Lubiana. \u00c8 spazioso e ha un ambiente piacevole, ed \u00e8 qui che inizieremo il nostro <a href=\"https:\/\/stagpartyljubljana.com\/it\/partito\/giro-guidato-per-i-pub-di-lubiana\/\">Pub Crawl Ljubljana<\/a>.<\/p>\n\n\n\n<h2 class=\"wp-block-heading\">Cabina del Capitano<\/h2>\n\n\n\n<p>La Cabina del Capitano \u00e8 un'area sotterranea <strong>cocktail bar<\/strong> situato nel centro di Lubiana. \u00c8 aperto tutte le sere e la domenica, quando la maggior parte delle altre attivit\u00e0 commerciali sono chiuse.<\/p>\n\n\n\n\n\n<p>Il bar \u00e8 caratterizzato da un tema nautico e offre uno speciale<strong> due drink al prezzo di uno ogni sera<\/strong>. I proprietari offrono anche la possibilit\u00e0 di affittare il posto per un addio al celibato privato, se si prenota in anticipo.<\/p>\n\n\n\n<h2 class=\"wp-block-heading\">Pub delle vacanze<\/h2>\n\n\n\n<p>Holidays' Pub, il <strong>il bar pi\u00f9 antico di Lubiana<\/strong>si trova sulla strada principale, accanto all'hotel Slon. Durante il giorno servono cibo e bevande, ma \u00e8 di sera che brillano davvero.<\/p>\n\n\n\n\n\n<p>Ogni mercoled\u00ec all'Holidays' Pub, i cantanti dilettanti possono mettere in mostra il loro talento partecipando a <strong>serata karaoke<\/strong>. Se il canto non \u00e8 il vostro genere, potete comunque visitarli il venerd\u00ec o il sabato, quando i DJ trasmettono la migliore musica degli anni Settanta.<\/p>\n\n\n\n<h2 class=\"wp-block-heading\">Pub in Inghilterra<\/h2>\n\n\n\n<p>Lubiana ha la sua versione di una <strong>autentico pub inglese<\/strong>e se non siete mai stati in un pub, vi consigliamo di visitarlo. Il proprietario di questo pub \u00e8 un grande tifoso della squadra di calcio del Manchester United, quindi una parola gentile su questa squadra potrebbe anche farvi ottenere un drink gratuito.<\/p>\n\n\n\n<figure class=\"wp-block-image size-full\"><img loading=\"lazy\" decoding=\"async\" width=\"960\" height=\"541\" src=\"https:\/\/stagpartyljubljana.com\/wp-content\/uploads\/England-pub.webp\" alt=\"Pub in Inghilterra\" class=\"wp-image-951\" srcset=\"https:\/\/stagpartyljubljana.com\/wp-content\/uploads\/England-pub.webp 960w, https:\/\/stagpartyljubljana.com\/wp-content\/uploads\/England-pub-300x169.webp 300w, https:\/\/stagpartyljubljana.com\/wp-content\/uploads\/England-pub-768x433.webp 768w, https:\/\/stagpartyljubljana.com\/wp-content\/uploads\/England-pub-18x10.webp 18w\" sizes=\"auto, (max-width: 960px) 100vw, 960px\" \/><figcaption>Pub in Inghilterra<\/figcaption><\/figure>\n\n\n\n<h2 class=\"wp-block-heading\">Pub irlandese Patrick's<\/h2>\n\n\n\n<p>Patrick's \u00e8 un<strong> tipico pub irlandese<\/strong>dove \u00e8 possibile seguire la trasmissione di molte partite di calcio. Godetevi il delizioso cibo del pub e bevete una pinta di birra mentre guardate la partita. Il pub apre alle 19.00 tutti i giorni dal marted\u00ec al sabato e rimane aperto fino a tarda notte.<\/p>\n\n\n\n\n\n<h2 class=\"wp-block-heading\">AS Aperitivo<\/h2>\n\n\n\n<p>L'AS Aperitivo \u00e8 un ristorante con un <strong>eccellente selezione di cibo e bevande<\/strong>musica dal vivo e un'atmosfera divertente. Si trova nel centro di Lubiana, nascosto in una piacevole stradina, a pochi passi dal fiume Ljubljanica.<\/p>\n\n\n\n\n\n<p>\u00c8 perfetto per un <strong>cena pre-festa<\/strong> prima di andare in discoteca o a bere qualcosa. Il locale \u00e8 leggermente pi\u00f9 costoso rispetto agli altri, ma si ottiene ci\u00f2 che si paga con un servizio di qualit\u00e0, un ambiente meraviglioso, musica dal vivo e cibo e bevande di alta qualit\u00e0.<\/p>\n\n\n\n<h2 class=\"wp-block-heading\">Cutty Sark<\/h2>\n\n\n\n<p>Il Cutty Sark \u00e8 un <strong>Pub in stile britannico<\/strong> con una lunga storia di musica dal vivo e feste. Il pub \u00e8 situato nel cuore della citt\u00e0, vicino alle piazze e alle strade pi\u00f9 famose di Lubiana.<\/p>\n\n\n\n\n\n<p>Il Cutty Sark offre un'ampia selezione di birre, liquori e vini locali e d'importazione. \u00c8 il luogo perfetto per una sosta <strong>bevande pre-festa<\/strong> prima di uscire in citt\u00e0.<\/p>\n\n\n\n<h3 class=\"wp-block-heading\">Siete pronti per l'addio al celibato pi\u00f9 selvaggio di sempre?<\/h3>\n\n\n\n<p>Il nostro <a href=\"https:\/\/stagpartyljubljana.com\/it\/partito\/\">pacchetti per feste<\/a> vi mostreranno il momento migliore a Lubiana, tra cui <a href=\"https:\/\/stagpartyljubljana.com\/it\/partito\/giro-guidato-per-i-pub-di-lubiana\/\">Pub Crawl Ljubljana<\/a>dove visiterete i migliori bar. Vi accompagneremo in una notte indimenticabile, mostrandovi come vivere Lubiana al meglio e dandovi anche consigli su come dovrebbe svolgersi il vostro addio al celibato!<\/p>\n\n\n\n<p>Compilate il nostro <a href=\"https:\/\/stagpartyljubljana.com\/it\/inchiesta\/\">modulo di richiesta<\/a> e fateci sapere dove volete festeggiare!<\/p>","protected":false},"excerpt":{"rendered":"<p>Gran parte delle feste a Lubiana si svolgono nelle discoteche, ma alcuni dei migliori bar della citt\u00e0 offrono esperienze di vita notturna altrettanto emozionanti. Vale la pena ricordare che sono pi\u00f9 economici e non hanno costi d'ingresso. Per una grande serata a Lubiana durante il vostro addio al celibato, date un'occhiata alla nostra lista di ... <a href=\"https:\/\/stagpartyljubljana.com\/it\/bar-di-lubiana\/\">Continua<\/a><\/p>","protected":false},"author":43,"featured_media":954,"parent":0,"menu_order":0,"comment_status":"closed","ping_status":"closed","template":"","meta":{"_acf_changed":false,"footnotes":""},"class_list":["post-41","page","type-page","status-publish","has-post-thumbnail","hentry"],"acf":{"page_subheading":"You can choose from many bars in Ljubljana when looking for a party place to visit during your exploration of the nightlife in Slovenia\u2019s capital."},"_links":{"self":[{"href":"https:\/\/stagpartyljubljana.com\/it\/wp-json\/wp\/v2\/pages\/41","targetHints":{"allow":["GET"]}}],"collection":[{"href":"https:\/\/stagpartyljubljana.com\/it\/wp-json\/wp\/v2\/pages"}],"about":[{"href":"https:\/\/stagpartyljubljana.com\/it\/wp-json\/wp\/v2\/types\/page"}],"author":[{"embeddable":true,"href":"https:\/\/stagpartyljubljana.com\/it\/wp-json\/wp\/v2\/users\/43"}],"replies":[{"embeddable":true,"href":"https:\/\/stagpartyljubljana.com\/it\/wp-json\/wp\/v2\/comments?post=41"}],"version-history":[{"count":9,"href":"https:\/\/stagpartyljubljana.com\/it\/wp-json\/wp\/v2\/pages\/41\/revisions"}],"predecessor-version":[{"id":972,"href":"https:\/\/stagpartyljubljana.com\/it\/wp-json\/wp\/v2\/pages\/41\/revisions\/972"}],"wp:featuredmedia":[{"embeddable":true,"href":"https:\/\/stagpartyljubljana.com\/it\/wp-json\/wp\/v2\/media\/954"}],"wp:attachment":[{"href":"https:\/\/stagpartyljubljana.com\/it\/wp-json\/wp\/v2\/media?parent=41"}],"curies":[{"name":"wp","href":"https:\/\/api.w.org\/{rel}","templated":true}]}}