{"id":20,"date":"2022-10-17T08:44:10","date_gmt":"2022-10-17T08:44:10","guid":{"rendered":"http:\/\/stagpartyljubljana.com\/partners\/"},"modified":"2022-10-17T08:44:10","modified_gmt":"2022-10-17T08:44:10","slug":"partner","status":"publish","type":"page","link":"https:\/\/stagpartyljubljana.com\/it\/partner\/","title":{"rendered":"Partner"},"content":{"rendered":"<p><strong><a href=\"https:\/\/slovenia-holidays.com\/\" target=\"_blank\" rel=\"noreferrer noopener\">VACANZE IN SLOVENIA<\/a><\/strong><\/p>\n\n\n\n<p>La pi\u00f9 ampia variet\u00e0 di vacanze in Slovenia. Dai pacchetti attivi e avventurosi ai viaggi organizzati con attivit\u00e0 all'aria aperta, dalle vacanze in famiglia alle pause rilassanti in citt\u00e0, fino alle vacanze di lusso e su misura. Qualunque sia la vostra preferenza, Slovenia Holidays vi copre con i migliori tour guidati e autoguidati.<\/p>\n\n\n\n<p><strong><a href=\"https:\/\/slovenia-activites.com\/\" target=\"_blank\" rel=\"noreferrer noopener\">ATTIVIT\u00c0 IN SLOVENIA<\/a><\/strong><\/p>\n\n\n\n<p>Slovenia Activities apre le porte a tutte le migliori esperienze che la Slovenia ha in serbo. Ci assicuriamo che possiate godere appieno dell'eccezionale potenziale del nostro Paese. Che si tratti di dedicarsi a una particolare attivit\u00e0 all'aria aperta, di intraprendere un viaggio culinario o di scegliere una combinazione di passatempi rilassanti e delle loro varianti pi\u00f9 eccitanti, l'avventura inizia qui!&nbsp;&nbsp;<\/p>\n\n\n\n<p><strong><a href=\"https:\/\/day-trips-slovenia.com\/\" target=\"_blank\" rel=\"noreferrer noopener\">GITE DI UN GIORNO IN SLOVENIA<\/a><\/strong><\/p>\n\n\n\n<p>Gite di un piccolo gruppo e tour privati da Lubiana, Bled, Capodistria, Zagabria e Venezia per visitare i luoghi pi\u00f9 belli della Slovenia in combinazione con gite di un giorno nelle vicine Croazia e Italia.<\/p>\n\n\n\n<p><strong><a href=\"https:\/\/fishing-guides-slovenia.com\/\" target=\"_blank\" rel=\"noreferrer noopener\">GUIDE DI PESCA SLOVENE<\/a><\/strong><\/p>\n\n\n\n<p>Esperienze di pesca indimenticabili (viaggi e vacanze, noleggio dell'attrezzatura) con i pescatori locali in splendidi punti nascosti della Slovenia.<\/p>\n\n\n\n<p><strong><a href=\"https:\/\/wine-tours-slovenia.com\/\" target=\"_blank\" rel=\"noreferrer noopener\">TOUR DEL VINO IN SLOVENIA<\/a><\/strong><\/p>\n\n\n\n<p>I tour del vino sono perfetti sia per i degustatori alle prime armi che per quelli esperti. Non \u00e8 necessaria alcuna conoscenza preliminare. L'unica cosa richiesta \u00e8 il desiderio di rilassarsi, bere vino e rilassarsi ancora.<\/p>\n\n\n\n<p>Non c'\u00e8 modo migliore di vivere in prima persona la ricca tradizione vitivinicola slovena, di socializzare con altri viaggiatori e di assaggiare le meraviglie della natura in un solo giorno.<\/p>\n\n\n\n<p><strong><a href=\"https:\/\/biketourljubljana.com\/\" target=\"_blank\" rel=\"noreferrer noopener\">TOUR IN BICICLETTA A LUBIANA<\/a><\/strong><\/p>\n\n\n\n<p>Un modo rilassato, vivace e divertente per scoprire le scene e il ricco patrimonio culturale di Lubiana. Oltre alle bellezze turistiche, condivideremo anche le intriganti storie del passato e gli avvenimenti pi\u00f9 attuali della citt\u00e0.<\/p>\n\n\n\n<p><a href=\"https:\/\/walking-holidays-slovenia.com\/\"><strong>VACANZE A PIEDI IN SLOVENIA<\/strong><\/a><\/p>\n\n\n\n<p>Le nostre vacanze a piedi in Slovenia sono dedicate a chi ama trascorrere il proprio tempo all'aria aperta, scoprendo le attrazioni della Slovenia non raggiungibili in auto. Dalle tranquille passeggiate lungo i fiumi incontaminati alle avventurose escursioni in montagna.<\/p>\n\n\n\n<p><a href=\"https:\/\/huttohuthikingslovenia.com\/\"><strong>ESCURSIONI DA RIFUGIO A RIFUGIO IN SLOVENIA<\/strong><\/a><\/p>\n\n\n\n<p>Vivete la magia delle escursioni tra i rifugi delle montagne slovene. Tra le cime delle Alpi Giulie e la natura incontaminata del Parco Nazionale del Triglav, non c'\u00e8 posto migliore per svegliarsi che con un'alba in montagna.<\/p>\n\n\n\n<p><a href=\"https:\/\/triglavtours.com\/\"><strong>TOUR TRIGLAV<\/strong><\/a><\/p>\n\n\n\n<p>Conquistate la vetta pi\u00f9 alta delle Alpi Giulie e la montagna pi\u00f9 alta della Slovenia. Con l'aiuto delle nostre esperte guide alpine professionali, scalare il Triglav non \u00e8 mai stato cos\u00ec piacevole e sicuro.<\/p>\n\n\n\n<p><a href=\"https:\/\/slovenia-fly-fishing.com\/\"><strong>PESCA A MOSCA IN SLOVENIA<\/strong><\/a><\/p>\n\n\n\n<p>La Slovenia \u00e8 un Paese ricco di fiumi ricchi di pesci che si trovano in paesaggi diversi, incastonati tra montagne, pianure e mare. Con l'aiuto delle nostre esperte guide locali, la pesca a mosca in Slovenia sar\u00e0 un'esperienza indimenticabile.<\/p>\n\n\n\n<p><strong><a href=\"https:\/\/thebalkantours.com\/\">IL TOUR DEI BALCANI<\/a><\/strong><\/p>\n\n\n\n<p>Vacanze indimenticabili nei Paesi balcanici.<\/p>\n\n\n\n<p><strong><a href=\"https:\/\/shoreexcursionskoper.com\/\" target=\"_blank\" rel=\"noreferrer noopener\">ESCURSIONI A TERRA A CAPODISTRIA<\/a><\/strong><\/p>\n\n\n\n<p>Le migliori escursioni guidate da Capodistria in Slovenia per scoprire le sue attrazioni principali e le sue gemme nascoste.<\/p>\n\n\n\n<p><strong><a href=\"https:\/\/hvarstagdo.com\/\" target=\"_blank\" rel=\"noreferrer noopener\">HVAR STAG DO<\/a><\/strong><\/p>\n\n\n\n<p>Il posto migliore per organizzare un addio al celibato indimenticabile sull'incredibile isola di Hvar per regalare al vostro amico qualche ultima notte di festa prima di sposarsi.<\/p>\n\n\n\n<p><strong><a href=\"https:\/\/sloveniaprivatetours.com\/\" target=\"_blank\" rel=\"noreferrer noopener\">TOUR PRIVATI IN SLOVENIA<\/a><\/strong><\/p>\n\n\n\n<p>I tour privati della Slovenia sono l'occasione per vivere il nostro Paese senza stress, in compagnia di un autista e di una guida locali professionisti che vi mostreranno le caratteristiche della Slovenia.<\/p>","protected":false},"excerpt":{"rendered":"<p>VACANZE IN SLOVENIA La pi\u00f9 ampia variet\u00e0 di vacanze in Slovenia. Dai pacchetti attivi e avventurosi ai viaggi organizzati con attivit\u00e0 all'aria aperta, dalle vacanze in famiglia alle pause rilassanti in citt\u00e0, fino alle vacanze di lusso e su misura. Qualunque sia la vostra preferenza, Slovenia Holidays vi copre con i migliori tour guidati e autoguidati. SLOVENIA ACTIVITIES Slovenia Activities apre le porte a ... <a href=\"https:\/\/stagpartyljubljana.com\/it\/partner\/\">Continua<\/a><\/p>","protected":false},"author":43,"featured_media":0,"parent":0,"menu_order":0,"comment_status":"open","ping_status":"open","template":"","meta":{"_acf_changed":false,"footnotes":""},"class_list":["post-20","page","type-page","status-publish","hentry"],"acf":{"page_subheading":"We are stronger together."},"_links":{"self":[{"href":"https:\/\/stagpartyljubljana.com\/it\/wp-json\/wp\/v2\/pages\/20","targetHints":{"allow":["GET"]}}],"collection":[{"href":"https:\/\/stagpartyljubljana.com\/it\/wp-json\/wp\/v2\/pages"}],"about":[{"href":"https:\/\/stagpartyljubljana.com\/it\/wp-json\/wp\/v2\/types\/page"}],"author":[{"embeddable":true,"href":"https:\/\/stagpartyljubljana.com\/it\/wp-json\/wp\/v2\/users\/43"}],"replies":[{"embeddable":true,"href":"https:\/\/stagpartyljubljana.com\/it\/wp-json\/wp\/v2\/comments?post=20"}],"version-history":[{"count":0,"href":"https:\/\/stagpartyljubljana.com\/it\/wp-json\/wp\/v2\/pages\/20\/revisions"}],"wp:attachment":[{"href":"https:\/\/stagpartyljubljana.com\/it\/wp-json\/wp\/v2\/media?parent=20"}],"curies":[{"name":"wp","href":"https:\/\/api.w.org\/{rel}","templated":true}]}}