{"id":57,"date":"2022-12-05T14:52:28","date_gmt":"2022-12-05T14:52:28","guid":{"rendered":"http:\/\/stagpartyljubljana.com\/?page_id=57"},"modified":"2022-12-09T11:28:00","modified_gmt":"2022-12-09T11:28:00","slug":"wie-man-nach-ljubljana-kommt","status":"publish","type":"page","link":"https:\/\/stagpartyljubljana.com\/de\/wie-man-nach-ljubljana-kommt\/","title":{"rendered":"Wie man nach Ljubljana kommt"},"content":{"rendered":"<h2 class=\"wp-block-heading\">Flugzeug<\/h2>\n\n\n\n<p>Mit dem Flugzeug nach Slowenien zu reisen ist die <strong>bequemste Art<\/strong> um unser Land zu erreichen. Der internationale Flughafen ist nur <strong>drei\u00dfig Minuten<\/strong> weg von Ljubljana.&nbsp;<\/p>\n\n\n\n<p>Neben t\u00e4glichen Direktfl\u00fcgen von und nach vielen europ\u00e4ischen St\u00e4dten bieten Billigfluganbieter wie <strong>EasyJet<\/strong> und <strong>Wizz<\/strong> <strong>Luft<\/strong> fliegen von Sloweniens wichtigstem internationalen Flughafen Jo\u017ee Pu\u010dnik nach London und Br\u00fcssel. Shuttles und Taxis bringen Sie zu einem sehr g\u00fcnstigen Preis vom und zum Flughafen.<\/p>\n\n\n\n<figure class=\"wp-block-image size-large\"><img loading=\"lazy\" decoding=\"async\" width=\"1024\" height=\"683\" src=\"https:\/\/stagpartyljubljana.com\/wp-content\/uploads\/walking-tour-ljubljana-1024x683.webp\" alt=\"Rundgang durch Ljubljana\" class=\"wp-image-284\" srcset=\"https:\/\/stagpartyljubljana.com\/wp-content\/uploads\/walking-tour-ljubljana-1024x683.webp 1024w, https:\/\/stagpartyljubljana.com\/wp-content\/uploads\/walking-tour-ljubljana-300x200.webp 300w, https:\/\/stagpartyljubljana.com\/wp-content\/uploads\/walking-tour-ljubljana-768x512.webp 768w, https:\/\/stagpartyljubljana.com\/wp-content\/uploads\/walking-tour-ljubljana-1536x1024.webp 1536w, https:\/\/stagpartyljubljana.com\/wp-content\/uploads\/walking-tour-ljubljana-2048x1365.webp 2048w, https:\/\/stagpartyljubljana.com\/wp-content\/uploads\/walking-tour-ljubljana-18x12.webp 18w, https:\/\/stagpartyljubljana.com\/wp-content\/uploads\/walking-tour-ljubljana-scaled.webp 1920w\" sizes=\"auto, (max-width: 1024px) 100vw, 1024px\" \/><figcaption>Die Altstadt von Ljubljana<\/figcaption><\/figure>\n\n\n\n<p>Sie k\u00f6nnen auch zu einem nahe gelegenen ausl\u00e4ndischen Flughafen fliegen und Slowenien von dort aus mit dem Bus, dem Zug oder einem Mietwagen erreichen:<\/p>\n\n\n\n<p>Flughafen Zagreb, Kroatien (ZAG) - 150 km, 1,5 h Autofahrt<\/p>\n\n\n\n<p>Flughafen Venedig, Italien (VCE) - 230 km, 2,5 h Autofahrt<\/p>\n\n\n\n<p>Flughafen Wien, \u00d6sterreich (VIE) - 390 km, 4 Stunden Autofahrt<\/p>\n\n\n\n<p>Flughafen M\u00fcnchen, Deutschland (MUC) - 430 km, 4,5 h Autofahrt<\/p>\n\n\n\n<h2 class=\"wp-block-heading\">Zug<\/h2>\n\n\n\n<p>Ljubljana ist <strong>gut vernetzt<\/strong> mit den Nachbarl\u00e4ndern in Bezug auf den Zugverkehr. Der Hauptbahnhof befindet sich im Stadtzentrum und hat Bahnverbindungen zu St\u00e4dten wie Wien, Triest, Z\u00fcrich, Prag, Zagreb, Budapest und anderen.<\/p>\n\n\n\n<h2 class=\"wp-block-heading\">Bus<\/h2>\n\n\n\n<p>Es gibt viele <strong>erschwingliche Busanbieter<\/strong> in Slowenien, darunter Flixbus, Nomago und sogar Florentia Bus. Die Busse bringen Sie nicht nur in jeden Winkel des Landes, sondern auch von mehreren ausl\u00e4ndischen St\u00e4dten nach Ljubljana.<\/p>\n\n\n\n<h2 class=\"wp-block-heading\">Auto<\/h2>\n\n\n\n<p>Die <strong>optimale Art<\/strong> Die beste Art, sich in Slowenien fortzubewegen, ist die Nutzung des modernen Systems von Autobahnen und Regionalstra\u00dfen. Die slowenischen Stra\u00dfen sind gut ausgeschildert und instand gehalten und lassen sich angenehm befahren, auch die engeren und kurvenreicheren Stra\u00dfen.<\/p>\n\n\n\n<p>Ein Auto zu mieten ist praktisch, weil <strong>zahlreiche Autovermietungen<\/strong> in den meisten gr\u00f6\u00dferen St\u00e4dten. Auf den Autobahnen ist eine Vignette vorgeschrieben, aber die Autovermietungen stellen sie in der Regel zur Verf\u00fcgung.&nbsp;<br>Ljubljana ist keine sehr gro\u00dfe Stadt, so dass die Anreise mit dem Auto nicht schwierig ist. Sie m\u00fcssen nur daran denken, dass Sie in der<strong> rechte Fahrspur<\/strong>. Falls Sie weitere Fragen zu Ihrer Anreise haben, k\u00f6nnen Sie sich an uns wenden, und wir werden Ihnen helfen.<\/p>","protected":false},"excerpt":{"rendered":"<p>Flugzeug Mit dem Flugzeug nach Slowenien zu reisen, ist die bequemste Art, unser Land zu erreichen. Der internationale Flughafen ist nur drei\u00dfig Minuten von Ljubljana entfernt.  Neben den t\u00e4glichen Direktfl\u00fcgen von und nach vielen europ\u00e4ischen St\u00e4dten fliegen Billigfluganbieter wie EasyJet und Wizz Air von Sloweniens internationalem Hauptflughafen Jo\u017ee Pu\u010dnik nach London und Br\u00fcssel. Shuttles ... <a href=\"https:\/\/stagpartyljubljana.com\/de\/wie-man-nach-ljubljana-kommt\/\">Fortsetzung<\/a><\/p>","protected":false},"author":43,"featured_media":283,"parent":0,"menu_order":0,"comment_status":"closed","ping_status":"closed","template":"","meta":{"_acf_changed":false,"footnotes":""},"class_list":["post-57","page","type-page","status-publish","has-post-thumbnail","hentry"],"acf":{"page_subheading":"Here is a quick overview of all the means of transportation you can take to Ljubljana because we want your journey to be as hassle-free as possible."},"_links":{"self":[{"href":"https:\/\/stagpartyljubljana.com\/de\/wp-json\/wp\/v2\/pages\/57","targetHints":{"allow":["GET"]}}],"collection":[{"href":"https:\/\/stagpartyljubljana.com\/de\/wp-json\/wp\/v2\/pages"}],"about":[{"href":"https:\/\/stagpartyljubljana.com\/de\/wp-json\/wp\/v2\/types\/page"}],"author":[{"embeddable":true,"href":"https:\/\/stagpartyljubljana.com\/de\/wp-json\/wp\/v2\/users\/43"}],"replies":[{"embeddable":true,"href":"https:\/\/stagpartyljubljana.com\/de\/wp-json\/wp\/v2\/comments?post=57"}],"version-history":[{"count":5,"href":"https:\/\/stagpartyljubljana.com\/de\/wp-json\/wp\/v2\/pages\/57\/revisions"}],"predecessor-version":[{"id":926,"href":"https:\/\/stagpartyljubljana.com\/de\/wp-json\/wp\/v2\/pages\/57\/revisions\/926"}],"wp:featuredmedia":[{"embeddable":true,"href":"https:\/\/stagpartyljubljana.com\/de\/wp-json\/wp\/v2\/media\/283"}],"wp:attachment":[{"href":"https:\/\/stagpartyljubljana.com\/de\/wp-json\/wp\/v2\/media?parent=57"}],"curies":[{"name":"wp","href":"https:\/\/api.w.org\/{rel}","templated":true}]}}