{"id":53,"date":"2022-12-05T14:52:18","date_gmt":"2022-12-05T14:52:18","guid":{"rendered":"http:\/\/stagpartyljubljana.com\/?page_id=53"},"modified":"2022-12-19T13:18:14","modified_gmt":"2022-12-19T13:18:14","slug":"uber-ljubljana","status":"publish","type":"page","link":"https:\/\/stagpartyljubljana.com\/de\/uber-ljubljana\/","title":{"rendered":"\u00dcber Ljubljana"},"content":{"rendered":"<p>Slowenien befindet sich in <strong>S\u00fcdliches Mitteleuropa<\/strong> und ist ein Teil des <strong>EU<\/strong> <strong>und Schengen-Raum<\/strong>. Ljubljana ist die gr\u00f6\u00dfte Stadt und Hauptstadt Sloweniens.&nbsp;<\/p>\n\n\n\n<figure class=\"wp-block-image size-large\"><img loading=\"lazy\" decoding=\"async\" width=\"1024\" height=\"683\" src=\"https:\/\/stagpartyljubljana.com\/wp-content\/uploads\/walking-tour-1024x683.webp\" alt=\"Rundgang\" class=\"wp-image-285\" srcset=\"https:\/\/stagpartyljubljana.com\/wp-content\/uploads\/walking-tour-1024x683.webp 1024w, https:\/\/stagpartyljubljana.com\/wp-content\/uploads\/walking-tour-300x200.webp 300w, https:\/\/stagpartyljubljana.com\/wp-content\/uploads\/walking-tour-768x512.webp 768w, https:\/\/stagpartyljubljana.com\/wp-content\/uploads\/walking-tour-1536x1024.webp 1536w, https:\/\/stagpartyljubljana.com\/wp-content\/uploads\/walking-tour-2048x1365.webp 2048w, https:\/\/stagpartyljubljana.com\/wp-content\/uploads\/walking-tour-18x12.webp 18w, https:\/\/stagpartyljubljana.com\/wp-content\/uploads\/walking-tour-scaled.webp 1920w\" sizes=\"auto, (max-width: 1024px) 100vw, 1024px\" \/><figcaption class=\"wp-element-caption\">Das Stadtzentrum von Ljubljana<\/figcaption><\/figure>\n\n\n\n<p>Das Klima \u00e4hnelt dem Kontinentaleuropas, so dass Sie je nach Jahreszeit Ihrer Ankunft Winter- oder Sommerkleidung mitbringen sollten, da die Lufttemperaturen sehr unterschiedlich sind. Die Preise sind \u00e4hnlich wie im EU-Durchschnitt, aber nicht-grundlegende Bed\u00fcrfnisse wie Partys k\u00f6nnen <strong>etwas billiger<\/strong> als in den n\u00f6rdlichen Teilen Europas.&nbsp;<\/p>\n\n\n\n<p>Ljubljana ist auch <strong>eine der sichersten St\u00e4dte in Europa<\/strong>. Der Nahverkehr ist gut organisiert, einschlie\u00dflich Taxidienste, die relativ erschwinglich sind. Die Unterkunftsm\u00f6glichkeiten sind vielf\u00e4ltig und von guter Qualit\u00e4t.<\/p>\n\n\n\n<h2 class=\"wp-block-heading\">Wie sieht das Partyleben in Ljubljana aus?<\/h2>\n\n\n\n<p>Da Ljubljana eine relativ kleine Stadt ist, befinden sich die meisten Kneipen, Bars und Clubs im Stadtzentrum und sind nur wenige Gehminuten voneinander entfernt.<\/p>\n\n\n\n<figure class=\"wp-block-image size-full\"><img loading=\"lazy\" decoding=\"async\" width=\"960\" height=\"640\" src=\"https:\/\/stagpartyljubljana.com\/wp-content\/uploads\/Club-party-package-stag-party-ljubljana-vip.webp\" alt=\"Club party paket stag party ljubljana vip\" class=\"wp-image-759\" srcset=\"https:\/\/stagpartyljubljana.com\/wp-content\/uploads\/Club-party-package-stag-party-ljubljana-vip.webp 960w, https:\/\/stagpartyljubljana.com\/wp-content\/uploads\/Club-party-package-stag-party-ljubljana-vip-300x200.webp 300w, https:\/\/stagpartyljubljana.com\/wp-content\/uploads\/Club-party-package-stag-party-ljubljana-vip-768x512.webp 768w, https:\/\/stagpartyljubljana.com\/wp-content\/uploads\/Club-party-package-stag-party-ljubljana-vip-18x12.webp 18w\" sizes=\"auto, (max-width: 960px) 100vw, 960px\" \/><figcaption class=\"wp-element-caption\">Party in Ljubljana<\/figcaption><\/figure>\n\n\n\n<p>Ljubljana bietet alle Arten von Veranstaltungsorten, von luxuri\u00f6sen bis hin zu entspannten Kneipen und sogar alternativen Clubs wie Metelkova City. Das meiste soziale Leben findet an den Ufern der Ljubljanica statt - vor allem in den Vierteln der sogenannten <a href=\"https:\/\/goo.gl\/maps\/gejv98qTuhXHPefWA\">Cankarjevo nabre\u017eje<\/a> und <a href=\"https:\/\/goo.gl\/maps\/yGWe2NaXztDJvkP5A\">Petkov\u0161kovo nabre\u017eje<\/a>.&nbsp;<\/p>\n\n\n\n<p>Dort reihen sich Bars und Kneipen aneinander, und Sie k\u00f6nnen eine nach der anderen besuchen, bevor Sie sich entscheiden, wo Sie Ihren Abend beenden m\u00f6chten. Sie k\u00f6nnen auch auf freundliche Slowenen z\u00e4hlen, die Ihnen den Weg weisen. Es kann sogar passieren, dass Sie mit ihnen bis in die fr\u00fchen Morgenstunden feiern.<\/p>\n\n\n\n<h2 class=\"wp-block-heading\">Was muss man in Ljubljana unbedingt machen?<\/h2>\n\n\n\n<ul class=\"wp-block-list\">\n<li>Traditionelle slowenische K\u00fcche mit lokalem Handwerksbier<\/li>\n\n\n\n<li>Clubbing in den besten Clubs von Ljubljana (Cirkus Club, Cvetli\u010darna Club, Metelkova City usw.)&nbsp;<\/li>\n\n\n\n<li>Bootsparty auf dem Fluss Ljubljanica<\/li>\n\n\n\n<li>Karting-Rennen auf einer der besten Rennstrecken in Europa<\/li>\n\n\n\n<li>Rafting und Canyoning auf dem Fluss So\u010da<\/li>\n\n\n\n<li>Adrenalintag in den Bergen<\/li>\n\n\n\n<li>Skifahren, Snowboarden und Nachtschlittenfahren<\/li>\n\n\n\n<li>Radtour durch Ljubljana<\/li>\n\n\n\n<li>Weinverkostung und Bierverkostung<\/li>\n<\/ul>\n\n\n\n<h2 class=\"wp-block-heading\">W\u00e4hrung und Zahlungen<\/h2>\n\n\n\n<p>Slowenien verwendet das <strong>Euro<\/strong> als Landesw\u00e4hrung. Sie werden keine Probleme haben, einen Geldautomaten zu finden, und in den meisten Gesch\u00e4ften k\u00f6nnen Sie mit Kredit- oder Debitkarte bezahlen. Dennoch sollten Sie f\u00fcr den Fall der F\u00e4lle etwas Bargeld bei sich haben.<\/p>\n\n\n\n<h3 class=\"wp-block-heading\">Zuf\u00e4llige Preise<\/h3>\n\n\n\n<p><strong>Bier<\/strong>: um \u20ac<\/p>\n\n\n\n<p><strong>Hamburger<\/strong>: 4\u20ac<\/p>\n\n\n\n<p><strong>Becher<\/strong> <strong>von<\/strong> <strong>Kaffee<\/strong>: 1.8\u20ac<\/p>\n\n\n\n<p><strong>Club<\/strong> <strong>Eingang<\/strong>: 5-10\u20ac<\/p>\n\n\n\n<p><strong>Taxi<\/strong>: ab 0,9\u20ac\/km<\/p>\n\n\n\n<h2 class=\"wp-block-heading\">Sicherheit<\/h2>\n\n\n\n<p>Slowenien ist der <strong>Das siebt sicherste Land der Welt<\/strong>. Mit anderen Worten: ein absolut sicherer Ort f\u00fcr einen Besuch. Die Kriminalit\u00e4tsrate ist niedrig, und die ohnehin schon geringe Zahl der Gewaltverbrechen ist stark r\u00fcckl\u00e4ufig.&nbsp;<\/p>\n\n\n\n<figure class=\"wp-block-image size-large\"><img loading=\"lazy\" decoding=\"async\" width=\"1024\" height=\"685\" src=\"https:\/\/stagpartyljubljana.com\/wp-content\/uploads\/walkingtour-1024x685.webp\" alt=\"Wandertour\" class=\"wp-image-286\" srcset=\"https:\/\/stagpartyljubljana.com\/wp-content\/uploads\/walkingtour-1024x685.webp 1024w, https:\/\/stagpartyljubljana.com\/wp-content\/uploads\/walkingtour-300x201.webp 300w, https:\/\/stagpartyljubljana.com\/wp-content\/uploads\/walkingtour-768x514.webp 768w, https:\/\/stagpartyljubljana.com\/wp-content\/uploads\/walkingtour-1536x1028.webp 1536w, https:\/\/stagpartyljubljana.com\/wp-content\/uploads\/walkingtour-2048x1370.webp 2048w, https:\/\/stagpartyljubljana.com\/wp-content\/uploads\/walkingtour-18x12.webp 18w, https:\/\/stagpartyljubljana.com\/wp-content\/uploads\/walkingtour-scaled.webp 1920w\" sizes=\"auto, (max-width: 1024px) 100vw, 1024px\" \/><figcaption class=\"wp-element-caption\">Burg von Ljubljana<\/figcaption><\/figure>\n\n\n\n<p>Gelegentlich kann es Probleme mit Taschendieben oder kleinen Diebst\u00e4hlen geben, aber das ist eher die Ausnahme als die Regel. Zusammenfassend l\u00e4sst sich sagen, dass ein Besuch in Slowenien mit einem geringen Risiko verbunden ist, egal ob man allein, mit Freunden oder als Familie reist.<\/p>\n\n\n\n<h2 class=\"wp-block-heading\">Visum<\/h2>\n\n\n\n<p>Im Allgemeinen ist ein <strong>Visum ist nicht erforderlich<\/strong> f\u00fcr Aufenthalte von weniger als 90 Tagen, obwohl einige Nationalit\u00e4ten ein g\u00fcltiges EU-Schengen-Visum ben\u00f6tigen. Ihr Reisepass muss mindestens f\u00fcr folgende Zeitr\u00e4ume g\u00fcltig sein <strong>sechs Monate<\/strong> vor Ihrer geplanten R\u00fcckkehr. Wenn Sie nicht sicher sind, ob Sie ein Visum ben\u00f6tigen, besuchen Sie <a href=\"http:\/\/www.doyouneedvisa.com\">Ben\u00f6tigen Sie ein Visum?<\/a>.<\/p>\n\n\n\n<h2 class=\"wp-block-heading\">Sprache<\/h2>\n\n\n\n<p>Die Amtssprache ist <strong>Slowenisch<\/strong>. Aber die meisten Slowenen, vor allem die j\u00fcngeren Generationen, sind <strong>flie\u00dfend in Englisch<\/strong>. Einige sprechen sogar andere Fremdsprachen, so dass Sie keine Probleme mit der Kommunikation haben werden.<\/p>\n\n\n\n<figure class=\"wp-block-image size-large\"><img loading=\"lazy\" decoding=\"async\" width=\"1024\" height=\"576\" src=\"https:\/\/stagpartyljubljana.com\/wp-content\/uploads\/Kayak-Ljubljanica-1024x576.webp\" alt=\"Kajak Ljubljanica\" class=\"wp-image-305\" srcset=\"https:\/\/stagpartyljubljana.com\/wp-content\/uploads\/Kayak-Ljubljanica-1024x576.webp 1024w, https:\/\/stagpartyljubljana.com\/wp-content\/uploads\/Kayak-Ljubljanica-300x169.webp 300w, https:\/\/stagpartyljubljana.com\/wp-content\/uploads\/Kayak-Ljubljanica-768x432.webp 768w, https:\/\/stagpartyljubljana.com\/wp-content\/uploads\/Kayak-Ljubljanica-1536x864.webp 1536w, https:\/\/stagpartyljubljana.com\/wp-content\/uploads\/Kayak-Ljubljanica-2048x1152.webp 2048w, https:\/\/stagpartyljubljana.com\/wp-content\/uploads\/Kayak-Ljubljanica-18x10.webp 18w, https:\/\/stagpartyljubljana.com\/wp-content\/uploads\/Kayak-Ljubljanica-scaled.webp 1920w\" sizes=\"auto, (max-width: 1024px) 100vw, 1024px\" \/><figcaption class=\"wp-element-caption\">Fluss Ljubljanica<\/figcaption><\/figure>\n\n\n\n<h2 class=\"wp-block-heading\">Zeit<\/h2>\n\n\n\n<p>Mitteleurop\u00e4ische Zeit GMT +1; im Sommer GMT +2<\/p>\n\n\n\n<h2 class=\"wp-block-heading\">W\u00f6rterbuch<\/h2>\n\n\n\n<p>Lernen Sie unsere Sprache kennen:<\/p>\n\n\n\n<p>Hallo - Zdravo (zdra-wo)<\/p>\n\n\n\n<p>Ja - Ja (ya)<\/p>\n\n\n\n<p>Nein - Ne (ne)<\/p>\n\n\n\n<p>Bitte - Prosim (pro-seem)<\/p>\n\n\n\n<p>Bier - Pivo (Pee-Vo)<\/p>\n\n\n\n<p>Wein - Vino (wee-no)<\/p>\n\n\n\n<p>Lebensmittel - Hrana (hra-na)<\/p>\n\n\n\n<p>Sprechen Sie Englisch? - Govorite angle\u0161ko? (go-vo-ree-te an-glesh-ko?)<\/p>\n\n\n\n<p>Aber keine Sorge, die meisten Menschen hier sprechen Englisch.<\/p>\n\n\n\n<h2 class=\"wp-block-heading\">Feiertage<\/h2>\n\n\n\n<p>1. und 2. Januar: Neujahr<\/p>\n\n\n\n<p>8. Februar - Slowenischer Tag der Kultur<\/p>\n\n\n\n<p>Ostersonntag, Ostermontag im April<\/p>\n\n\n\n<p>7. Sonntag nach Ostern - Pfingsten<\/p>\n\n\n\n<p>27. April - Tag des Aufstands gegen die Besatzung<\/p>\n\n\n\n<p>1. und 2. Mai - Tag der Arbeit<\/p>\n\n\n\n<p>25. Juni - Nationalfeiertag<\/p>\n\n\n\n<p>15. August - Mari\u00e4 Himmelfahrt<\/p>\n\n\n\n<p>31. Oktober - Reformationstag<\/p>\n\n\n\n<p>1. November - Allerseelen<\/p>\n\n\n\n<p>25. Dezember - Weihnachten<\/p>\n\n\n\n<p>26. Dezember - Unabh\u00e4ngigkeitstag<\/p>","protected":false},"excerpt":{"rendered":"<p>Slowenien liegt im s\u00fcdlichen Mitteleuropa und ist Teil der EU und des Schengen-Raums. Ljubljana ist die gr\u00f6\u00dfte Stadt und Hauptstadt Sloweniens.  Das Klima ist \u00e4hnlich wie in Kontinentaleuropa. Je nach Jahreszeit sollten Sie Winter- oder Sommerkleidung mitbringen, da die Lufttemperaturen sehr unterschiedlich sind. ... <a href=\"https:\/\/stagpartyljubljana.com\/de\/uber-ljubljana\/\">Fortsetzung<\/a><\/p>","protected":false},"author":43,"featured_media":857,"parent":0,"menu_order":0,"comment_status":"closed","ping_status":"closed","template":"","meta":{"_acf_changed":false,"footnotes":""},"class_list":["post-53","page","type-page","status-publish","has-post-thumbnail","hentry"],"acf":{"page_subheading":"Before you visit the capital of Slovenia, you should learn some basic information about this colorful city every stag-do party fondly remembers."},"_links":{"self":[{"href":"https:\/\/stagpartyljubljana.com\/de\/wp-json\/wp\/v2\/pages\/53","targetHints":{"allow":["GET"]}}],"collection":[{"href":"https:\/\/stagpartyljubljana.com\/de\/wp-json\/wp\/v2\/pages"}],"about":[{"href":"https:\/\/stagpartyljubljana.com\/de\/wp-json\/wp\/v2\/types\/page"}],"author":[{"embeddable":true,"href":"https:\/\/stagpartyljubljana.com\/de\/wp-json\/wp\/v2\/users\/43"}],"replies":[{"embeddable":true,"href":"https:\/\/stagpartyljubljana.com\/de\/wp-json\/wp\/v2\/comments?post=53"}],"version-history":[{"count":6,"href":"https:\/\/stagpartyljubljana.com\/de\/wp-json\/wp\/v2\/pages\/53\/revisions"}],"predecessor-version":[{"id":1276,"href":"https:\/\/stagpartyljubljana.com\/de\/wp-json\/wp\/v2\/pages\/53\/revisions\/1276"}],"wp:featuredmedia":[{"embeddable":true,"href":"https:\/\/stagpartyljubljana.com\/de\/wp-json\/wp\/v2\/media\/857"}],"wp:attachment":[{"href":"https:\/\/stagpartyljubljana.com\/de\/wp-json\/wp\/v2\/media?parent=53"}],"curies":[{"name":"wp","href":"https:\/\/api.w.org\/{rel}","templated":true}]}}