{"id":49,"date":"2022-12-05T14:51:57","date_gmt":"2022-12-05T14:51:57","guid":{"rendered":"http:\/\/stagpartyljubljana.com\/?page_id=49"},"modified":"2026-02-24T11:24:26","modified_gmt":"2026-02-24T11:24:26","slug":"uber-uns","status":"publish","type":"page","link":"https:\/\/stagpartyljubljana.com\/de\/uber-uns\/","title":{"rendered":"\u00dcber uns"},"content":{"rendered":"<p>Wir sind eine unterhaltsame, partyfreudige Gruppe junger Einheimischer mit der Vision, unvergessliche Junggesellenabschiede in Ljubljana zu organisieren.<\/p>\n\n\n\n<p>Seit der Gr\u00fcndung unserer Agentur im <strong>2015<\/strong>haben wir es geschafft, bis zu <strong>200 wilde Junggesellenabschiede pro Jahr<\/strong>. Unsere Reichweite hat uns auch die Zusammenarbeit mit den besten Junggesellen-Agenturen aus ganz Europa gebracht, die auf unserem starken internationalen Ruf aufgrund unserer Professionalit\u00e4t aufbauen.<\/p>\n\n\n\n<figure class=\"wp-block-image size-full\"><img loading=\"lazy\" decoding=\"async\" width=\"1000\" height=\"667\" src=\"https:\/\/stagpartyljubljana.com\/wp-content\/uploads\/Cirkus-stag.webp\" alt=\"Cirkus Hirsch\" class=\"wp-image-981\" srcset=\"https:\/\/stagpartyljubljana.com\/wp-content\/uploads\/Cirkus-stag.webp 1000w, https:\/\/stagpartyljubljana.com\/wp-content\/uploads\/Cirkus-stag-300x200.webp 300w, https:\/\/stagpartyljubljana.com\/wp-content\/uploads\/Cirkus-stag-768x512.webp 768w, https:\/\/stagpartyljubljana.com\/wp-content\/uploads\/Cirkus-stag-18x12.webp 18w\" sizes=\"auto, (max-width: 1000px) 100vw, 1000px\" \/><figcaption class=\"wp-element-caption\">Wir organisieren bis zu 200 Junggesellenabschiede pro Jahr<\/figcaption><\/figure>\n\n\n\n<p>Au\u00dferdem haben wir gro\u00dfes Vertrauen in unsere Partner, die speziell ausgew\u00e4hlt wurden, um unser Unternehmen auf die positivste Weise zu repr\u00e4sentieren. Durch unsere enge Zusammenarbeit k\u00f6nnen wir Ihnen Folgendes bieten <strong>Qualit\u00e4t und einzigartige Erlebnisse<\/strong> f\u00fcr Ihr Geld wert sind.<\/p>\n\n\n\n<p>Au\u00dferdem sind unsere Party-Guides ebenso wild wie erfahren. Sie kennen die angesagtesten Spots der Stadt und bringen dich dorthin, wo die Stimmung am besten ist.<\/p>\n\n\n\n<p>Wenn Sie sich mit uns in Verbindung setzen und einen Junggesellenabschied organisieren, werden wir Ihnen helfen, die beste <strong>ma\u00dfgeschneiderte Kombination<\/strong> von Party und anderen Aktivit\u00e4ten f\u00fcr Ihre Gruppe. Wir bleiben gerne mit Ihnen in Kontakt und begleiten Sie durch den gesamten Prozess - von Ihrer ersten Anfrage bis zur endg\u00fcltigen Buchung und Ankunft. Wir sind bereit, alle Ihre Fragen zu beantworten, alle Zweifel zu zerstreuen und Ihnen zu helfen, wenn es eine \u00c4nderung der Pl\u00e4ne gibt.<\/p>\n\n\n\n<figure class=\"wp-block-image size-large\"><img loading=\"lazy\" decoding=\"async\" width=\"1024\" height=\"680\" src=\"https:\/\/stagpartyljubljana.com\/wp-content\/uploads\/simple_Lokalni_rafting_Bovec-1024x680.jpg\" alt=\"simple Lokalni rafting Bovec\" class=\"wp-image-104443\" srcset=\"https:\/\/stagpartyljubljana.com\/wp-content\/uploads\/simple_Lokalni_rafting_Bovec-1024x680.jpg 1024w, https:\/\/stagpartyljubljana.com\/wp-content\/uploads\/simple_Lokalni_rafting_Bovec-300x199.jpg 300w, https:\/\/stagpartyljubljana.com\/wp-content\/uploads\/simple_Lokalni_rafting_Bovec-768x510.jpg 768w, https:\/\/stagpartyljubljana.com\/wp-content\/uploads\/simple_Lokalni_rafting_Bovec-1536x1020.jpg 1536w, https:\/\/stagpartyljubljana.com\/wp-content\/uploads\/simple_Lokalni_rafting_Bovec-18x12.jpg 18w, https:\/\/stagpartyljubljana.com\/wp-content\/uploads\/simple_Lokalni_rafting_Bovec.jpg 2048w\" sizes=\"auto, (max-width: 1024px) 100vw, 1024px\" \/><figcaption class=\"wp-element-caption\">Sie k\u00f6nnen sich f\u00fcr verschiedene Junggesellenabschiedsaktivit\u00e4ten entscheiden<\/figcaption><\/figure>\n\n\n\n<p>Auch w\u00e4hrend Ihres Besuchs wird unser <strong>Unterst\u00fctzung ist 24\/7 verf\u00fcgbar<\/strong>. Unsere Aufgabe ist es, daf\u00fcr zu sorgen, dass Ihre Wochenendpl\u00e4ne reibungslos und ohne b\u00f6se \u00dcberraschungen ablaufen.<\/p>\n\n\n\n<p>Wir hei\u00dfen Sie in der Stadt willkommen, sorgen f\u00fcr Ihren Transfer vom Flughafen, organisieren Ihre Unterkunft, buchen Ihre Restaurants, empfehlen Ihnen die sch\u00f6nsten Aktivit\u00e4ten und sorgen nat\u00fcrlich daf\u00fcr, dass Sie einen unvergesslichen Junggesellenabschied erleben!<\/p>\n\n\n\n<figure class=\"wp-block-image size-full\"><img loading=\"lazy\" decoding=\"async\" width=\"2560\" height=\"1707\" src=\"https:\/\/stagpartyljubljana.com\/wp-content\/uploads\/paintball-ljubljana-208-1-scaled.jpg\" alt=\"paintball ljubljana 208 (1)\" class=\"wp-image-104466\" srcset=\"https:\/\/stagpartyljubljana.com\/wp-content\/uploads\/paintball-ljubljana-208-1-scaled.jpg 2560w, https:\/\/stagpartyljubljana.com\/wp-content\/uploads\/paintball-ljubljana-208-1-300x200.jpg 300w, https:\/\/stagpartyljubljana.com\/wp-content\/uploads\/paintball-ljubljana-208-1-1024x683.jpg 1024w, https:\/\/stagpartyljubljana.com\/wp-content\/uploads\/paintball-ljubljana-208-1-768x512.jpg 768w, https:\/\/stagpartyljubljana.com\/wp-content\/uploads\/paintball-ljubljana-208-1-1536x1024.jpg 1536w, https:\/\/stagpartyljubljana.com\/wp-content\/uploads\/paintball-ljubljana-208-1-2048x1365.jpg 2048w, https:\/\/stagpartyljubljana.com\/wp-content\/uploads\/paintball-ljubljana-208-1-18x12.jpg 18w\" sizes=\"auto, (max-width: 2560px) 100vw, 2560px\" \/><figcaption class=\"wp-element-caption\">Schenken Sie Ihrem Junggesellen das Wochenende, das er verdient!<\/figcaption><\/figure>\n\n\n\n<p>Wenn Sie bereit sind f\u00fcr die Zeit Ihres Lebens, f\u00fcllen Sie unser <a href=\"https:\/\/stagpartyljubljana.com\/de\/anfrage\/\">Anfrageformular<\/a>und wir beginnen mit der Planung deines Junggesellenabschieds-Wochenendes!<\/p>\n\n\n\n<p>Finden Sie heraus, wo Sie sonst noch mit uns auf einen Junggesellenabschied gehen k\u00f6nnen:<\/p>\n\n\n\n<ul class=\"wp-block-list\">\n<li><a href=\"https:\/\/amsterdam-stag-do.com\/\">Amsterdam Junggesellenabschied<\/a><\/li>\n\n\n\n<li><a href=\"https:\/\/berlin-stag-do.com\/\">Berlin Junggesellenabschied<\/a><\/li>\n\n\n\n<li><a href=\"https:\/\/hamburgstagdo.com\/\">Hamburger Junggesellenabschied<\/a><\/li>\n\n\n\n<li><a href=\"https:\/\/hvarstagdo.com\/\">Hvar Junggesellenabschied<\/a><\/li>\n\n\n\n<li><a href=\"https:\/\/lisbonstagdo.com\/\">Lissabon Junggesellenabschied<\/a><\/li>\n\n\n\n<li><a href=\"https:\/\/munichstagdo.com\/\">M\u00fcnchener Junggesellenabschied<\/a><\/li>\n\n\n\n<li><a href=\"https:\/\/prague-stag-do.com\/\">Prag Junggesellenabschied<\/a><\/li>\n\n\n\n<li><a href=\"https:\/\/riga-stag-do.com\/\">Riga Junggesellenabschied<\/a><\/li>\n\n\n\n<li><a href=\"https:\/\/ibizastagdo.com\">Ibiza Junggesellenabschied<\/a><\/li>\n\n\n\n<li><a href=\"https:\/\/benidorm-stag-do.com\/\">Benidorm Junggesellenabschied<\/a><\/li>\n\n\n\n<li><a href=\"https:\/\/budapest-stag-do.com\/\">Budapest Junggesellenabschied<\/a><\/li>\n\n\n\n<li><a href=\"https:\/\/stagdovegas.com\/\">Junggesellenabschied Vegas<\/a><\/li>\n\n\n\n<li><a href=\"https:\/\/stagdobarcelona.com\/\">Junggesellenabschied Barcelona<\/a><\/li>\n\n\n\n<li><a href=\"https:\/\/stagdozagreb.com\/\">Junggesellenabschied Zagreb<\/a><\/li>\n\n\n\n<li><a href=\"https:\/\/splitstagdo.com\/\">Split Junggesellenabschied<\/a><\/li>\n\n\n\n<li><a href=\"https:\/\/dubrovnikstagdo.com\/\">Dubrovnik Junggesellenabschied<\/a><\/li>\n\n\n\n<li><a href=\"https:\/\/madridstagdo.com\/\">Madrid Junggesellenabschied<\/a><\/li>\n\n\n\n<li><a href=\"https:\/\/bucharest-stag-do.com\/\">Bukarest Junggesellenabschied<\/a><\/li>\n\n\n\n<li><a href=\"https:\/\/albufeirastagdo.com\/\">Albufeira Junggesellenabschied<\/a><\/li>\n\n\n\n<li><a href=\"https:\/\/dublinstagdo.com\/\">Dublin Junggesellenabschied<\/a><\/li>\n\n\n\n<li><a href=\"https:\/\/stagdokrakow.com\/\">Krakau Junggesellenabschied<\/a><\/li>\n<\/ul>","protected":false},"excerpt":{"rendered":"<p>Wir sind eine unterhaltsame, partyfreudige Gruppe von jungen Einheimischen mit der Vision, unvergessliche Junggesellenabschiede in Ljubljana zu organisieren. Seit der Gr\u00fcndung unserer Agentur im Jahr 2015 haben wir es geschafft, bis zu 200 wilde Junggesellenabschiede pro Jahr zu organisieren. Unsere Reichweite hat uns auch die Zusammenarbeit mit den besten Junggesellenagenturen aus ganz Europa gebracht, ... <a href=\"https:\/\/stagpartyljubljana.com\/de\/uber-uns\/\">Fortsetzung<\/a><\/p>","protected":false},"author":43,"featured_media":361,"parent":0,"menu_order":0,"comment_status":"closed","ping_status":"closed","template":"","meta":{"_acf_changed":false,"footnotes":""},"class_list":["post-49","page","type-page","status-publish","has-post-thumbnail","hentry"],"acf":{"page_subheading":"We are a young team of party and tourism professionals with only one mission \u2014 to give you the absolute best Ljubljana stag-do experience!"},"_links":{"self":[{"href":"https:\/\/stagpartyljubljana.com\/de\/wp-json\/wp\/v2\/pages\/49","targetHints":{"allow":["GET"]}}],"collection":[{"href":"https:\/\/stagpartyljubljana.com\/de\/wp-json\/wp\/v2\/pages"}],"about":[{"href":"https:\/\/stagpartyljubljana.com\/de\/wp-json\/wp\/v2\/types\/page"}],"author":[{"embeddable":true,"href":"https:\/\/stagpartyljubljana.com\/de\/wp-json\/wp\/v2\/users\/43"}],"replies":[{"embeddable":true,"href":"https:\/\/stagpartyljubljana.com\/de\/wp-json\/wp\/v2\/comments?post=49"}],"version-history":[{"count":12,"href":"https:\/\/stagpartyljubljana.com\/de\/wp-json\/wp\/v2\/pages\/49\/revisions"}],"predecessor-version":[{"id":104520,"href":"https:\/\/stagpartyljubljana.com\/de\/wp-json\/wp\/v2\/pages\/49\/revisions\/104520"}],"wp:featuredmedia":[{"embeddable":true,"href":"https:\/\/stagpartyljubljana.com\/de\/wp-json\/wp\/v2\/media\/361"}],"wp:attachment":[{"href":"https:\/\/stagpartyljubljana.com\/de\/wp-json\/wp\/v2\/media?parent=49"}],"curies":[{"name":"wp","href":"https:\/\/api.w.org\/{rel}","templated":true}]}}