{"id":45,"date":"2022-12-05T14:51:44","date_gmt":"2022-12-05T14:51:44","guid":{"rendered":"http:\/\/stagpartyljubljana.com\/?page_id=45"},"modified":"2022-12-09T12:49:08","modified_gmt":"2022-12-09T12:49:08","slug":"ljubljana-clubs","status":"publish","type":"page","link":"https:\/\/stagpartyljubljana.com\/de\/ljubljana-clubs\/","title":{"rendered":"Ljubljana Vereine"},"content":{"rendered":"<p>Ljubljana hat ein pulsierendes Nachtleben, das sich mit dem jeder anderen europ\u00e4ischen Hauptstadt messen kann. Selbst der w\u00e4hlerischste Partyg\u00e4nger findet in Ljubljanas beachtlichem Angebot etwas, das seinen Geschmack trifft.<\/p>\n\n\n\n<p>Im Folgenden sind einige der <strong>beliebteste Ljubljana Vereine<\/strong> die Ihnen helfen k\u00f6nnen, das Nachtleben der Stadt kennenzulernen.<\/p>\n\n\n\n<h2 class=\"wp-block-heading\">Cirkus Club<\/h2>\n\n\n\n<p>Der Cirkus ist Ljubljanas <strong>bester Tanzclub<\/strong>Hier finden jede Woche verschiedene Veranstaltungen statt. Die Musik reicht von Mainstream-Pop bis Latino, R'n'B und Balkan, je nach Veranstaltung und DJ. Die Besitzer w\u00e4hlen sorgf\u00e4ltig die <strong>beste DJs<\/strong> f\u00fcr jede Nacht, um eine gleichbleibend hohe Qualit\u00e4t der Melodien zu gew\u00e4hrleisten.<\/p>\n\n\n\n\n\n<p>Der Club bietet <strong>VIP<\/strong> und Super-VIP-Erlebnisse, mit <strong>private Tische<\/strong> f\u00fcr Reservierungen verf\u00fcgbar. Der normale Eintritt kostet 10 \u20ac, der VIP-Eintritt 20 \u20ac.<\/p>\n\n\n\n<p>Der Cirkus ist etwa f\u00fcnf Gehminuten vom Zentrum Ljubljanas entfernt und kann von den umliegenden Hotels und Herbergen aus zu Fu\u00df erreicht werden.<\/p>\n\n\n\n<h2 class=\"wp-block-heading\">Nebo Show Restaurant<\/h2>\n\n\n\n<p>Das Nebo Show Restaurant ist eine der j\u00fcngsten Neuerungen im Nachtleben von Ljubljana. Tags\u00fcber ist es ein relativ kleines Restaurant.<strong> High-End-Restaurant<\/strong>Sobald die Sonne untergeht, erscheinen professionelle T\u00e4nzer auf der B\u00fchne und f\u00fchren <strong>Musikveranstaltungen<\/strong>.<\/p>\n\n\n\n\n\n<p>Das Restaurant befindet sich in der obersten Etage eines Hochhauses im Stadtzentrum, mit einer <strong>Blick \u00fcber die D\u00e4cher von Ljubljana<\/strong>.<\/p>\n\n\n\n<p>Nebo richtet sich an die <strong>gehobenes Publikum<\/strong>. Wenn man diesen Veranstaltungsort besucht, sollte man sich entsprechend kleiden, da das Personal denjenigen, die nicht angemessen gekleidet sind, keinen Zutritt gew\u00e4hrt.<\/p>\n\n\n\n<h2 class=\"wp-block-heading\">Square Club<\/h2>\n\n\n\n<p>Der Square Club befindet sich auf dem Kongressplatz von Ljubljana. Sein<strong> unmittelbare N\u00e4he zum Stadtzentrum<\/strong> macht ihn zu einem beliebten Ziel f\u00fcr Besucher. Die einladende Atmosph\u00e4re des Clubs mit gro\u00dfartiger Musik kommt bei den G\u00e4sten gut an.<\/p>\n\n\n\n\n\n<p>Der Eintritt kostet normalerweise 10 Euro, aber es gibt auch <strong>kostenlose Veranstaltungen<\/strong> wie ihr w\u00f6chentliches Picknick jeden Donnerstag. Der Square Club ist ein hervorragender Ort, um sich mit anderen jungen Menschen auszutauschen und <strong>sch\u00f6ne M\u00e4dchen<\/strong>.<\/p>\n\n\n\n<h2 class=\"wp-block-heading\">Sch\u00fctzenverein<\/h2>\n\n\n\n<p>Der Shooters Club ist jeden Abend von Dienstag bis Samstag ge\u00f6ffnet, und es gibt <strong>kein Eintrittsgeld<\/strong>. Der Club ist relativ klein, zieht aber dennoch jeden Abend eine gro\u00dfe Anzahl von Besuchern an.<\/p>\n\n\n\n\n\n<p>Der Shooters Club ist eine Bar, in der verschiedene Musikrichtungen gespielt werden, darunter kommerzieller Pop, Balkanmusik und elektronische Tanzmusik.<\/p>\n\n\n\n<h2 class=\"wp-block-heading\">K4 Club<\/h2>\n\n\n\n<p>Der K4 Club, ein Techno-Club in Ljubljana, hat sich einen Namen gemacht als das <strong>Anf\u00fchrer der lokalen Techno-Szene<\/strong>. Der Raum befindet sich im Untergeschoss eines alten Geb\u00e4udes, was ihm einen unverwechselbaren <strong>unterirdische Atmosph\u00e4re<\/strong>.<\/p>\n\n\n\n\n\n<p>Die Eintrittspreise f\u00fcr die Veranstaltungen variieren je nach den auftretenden K\u00fcnstlern, denn sie arbeiten regelm\u00e4\u00dfig mit mehr als <strong>30 Musiker<\/strong>.<\/p>\n\n\n\n<h2 class=\"wp-block-heading\">Cvetli\u010darna Club<\/h2>\n\n\n\n<p>Cvetli\u010darna ist die <strong>gr\u00f6\u00dfter Club in Ljubljana<\/strong>und ist seit 2003 in Betrieb. Es finden verschiedene Veranstaltungen statt, darunter auch Konzerte, und ist au\u00dferhalb dieser Anl\u00e4sse nicht f\u00fcr den Gesch\u00e4ftsbetrieb ge\u00f6ffnet. Erkundigen Sie sich im Voraus nach dem Programm, um sicherzugehen, dass Sie die M\u00f6glichkeit haben, dort etwas zu besuchen.<\/p>\n\n\n\n\n\n<p>Eintrittskarten f\u00fcr Veranstaltungen, insbesondere f\u00fcr beliebte, sind oft <strong>im Voraus ausverkauft sein<\/strong>. Die Preise k\u00f6nnen stark variieren, je nachdem, wer die Veranstaltung ausrichtet, und liegen zwischen 10 \u20ac und 25 \u20ac, selten h\u00f6her.<\/p>\n\n\n\n<p>Es liegt etwa drei Kilometer vom Stadtzentrum entfernt, so dass Sie ein Taxi zu Ihrer Unterkunft nehmen m\u00fcssen, wenn diese nicht in der N\u00e4he ist.<\/p>\n\n\n\n<h2 class=\"wp-block-heading\">Kunstzentrum Metelkova<\/h2>\n\n\n\n<p>Die Metelkova City unterscheidet sich von anderen Zentren f\u00fcr zeitgen\u00f6ssische Kunst dadurch, dass sie kein Club ist, sondern ein <strong>autonomes Zentrum f\u00fcr soziale und kulturelle Aktivit\u00e4ten<\/strong>. Sie ist ein Zufluchtsort f\u00fcr moderne K\u00fcnstler, die ihre Kreativit\u00e4t zum Ausdruck bringen wollen, und kann mit Berlin verglichen werden. Sie hat politische Wurzeln, die aus der amerikanischen Hippie-Bewegung stammen.<\/p>\n\n\n\n\n\n<p>Sie ist in dieser Liste enthalten, weil die Gemeinde ein <strong>Anzahl der Clubs und Bars<\/strong> die Veranstaltungen f\u00fcr Mitglieder der alternativen Musikszene durchf\u00fchren und <strong>LGBTQ<\/strong> Gemeinschaft.<\/p>\n\n\n\n<p>Die Clubs verlangen in der Regel eine Geb\u00fchr f\u00fcr den Eintritt zu ihren Veranstaltungen, aber die Menschen genie\u00dfen es auch, an den Bars und im Mondschein in den <strong>Gemeinschaftsraum<\/strong>.<\/p>\n\n\n\n<h2 class=\"wp-block-heading\">Hardcore Striptease Club<\/h2>\n\n\n\n<p>Der Hardcore Striptease Club ist der <strong>bester Nachtclub in Ljubljana<\/strong>mit einer gro\u00dfen Auswahl an <strong>erotische Dienstleistungen<\/strong> auf der Speisekarte. Alle M\u00e4dchen sind wundersch\u00f6n und sehr freundlich. Sie k\u00f6nnen die T\u00e4nzerinnen beobachten, w\u00e4hrend Sie Ihr Lieblingsgetr\u00e4nk an der Bar oder an einem der St\u00e4nde oder Tische im Raum trinken.\u00a0<\/p>\n\n\n\n\n\n<p>Es ist ein gro\u00dfartiger Ort f\u00fcr Junggesellenabschiede oder einfach f\u00fcr einen lustigen Abend mit Freunden. Wenn Sie auf der Suche nach etwas Einzigartigem und Lustigem sind, sind Sie hier genau richtig!<\/p>\n\n\n\n<h3 class=\"wp-block-heading\">Haben Sie Ihre Auswahl f\u00fcr den Junggesellenabschied schon getroffen?<\/h3>\n\n\n\n<p>Vielleicht sind Sie unsicher oder \u00fcberw\u00e4ltigt von all den M\u00f6glichkeiten, die sich Ihnen bieten. Es ist nicht leicht, dem Junggesellen die unvergesslichste Nacht seines Lebens zu schenken. Wenn Sie unser <a href=\"https:\/\/stagpartyljubljana.com\/de\/anfrage\/\">Anfrageformular<\/a>Anhand der von Ihnen gemachten Angaben finden wir den besten Ort f\u00fcr Ihre Gruppe.<\/p>\n\n\n\n<p>Und Sie werden frei sein f\u00fcr <strong>Party ohne Stress<\/strong>!<\/p>","protected":false},"excerpt":{"rendered":"<p>Ljubljana hat ein pulsierendes Nachtleben, das sich mit dem jeder anderen europ\u00e4ischen Hauptstadt messen kann. Selbst der w\u00e4hlerischste Partyg\u00e4nger findet in Ljubljanas beachtlichem Angebot etwas, das seinen Geschmack trifft. Im Folgenden finden Sie einige der beliebtesten Clubs in Ljubljana, die Ihnen helfen k\u00f6nnen, das Nachtleben der Stadt kennenzulernen. Cirkus Club Cirkus ist Ljubljanas ... <a href=\"https:\/\/stagpartyljubljana.com\/de\/ljubljana-clubs\/\">Fortsetzung<\/a><\/p>","protected":false},"author":43,"featured_media":1001,"parent":0,"menu_order":0,"comment_status":"closed","ping_status":"closed","template":"","meta":{"_acf_changed":false,"footnotes":""},"class_list":["post-45","page","type-page","status-publish","has-post-thumbnail","hentry"],"acf":{"page_subheading":"Ljubljana has a wide array of clubs to choose from \u2014 here is a quick overview that can help you choose the club that best suits the needs of your group."},"_links":{"self":[{"href":"https:\/\/stagpartyljubljana.com\/de\/wp-json\/wp\/v2\/pages\/45","targetHints":{"allow":["GET"]}}],"collection":[{"href":"https:\/\/stagpartyljubljana.com\/de\/wp-json\/wp\/v2\/pages"}],"about":[{"href":"https:\/\/stagpartyljubljana.com\/de\/wp-json\/wp\/v2\/types\/page"}],"author":[{"embeddable":true,"href":"https:\/\/stagpartyljubljana.com\/de\/wp-json\/wp\/v2\/users\/43"}],"replies":[{"embeddable":true,"href":"https:\/\/stagpartyljubljana.com\/de\/wp-json\/wp\/v2\/comments?post=45"}],"version-history":[{"count":5,"href":"https:\/\/stagpartyljubljana.com\/de\/wp-json\/wp\/v2\/pages\/45\/revisions"}],"predecessor-version":[{"id":1019,"href":"https:\/\/stagpartyljubljana.com\/de\/wp-json\/wp\/v2\/pages\/45\/revisions\/1019"}],"wp:featuredmedia":[{"embeddable":true,"href":"https:\/\/stagpartyljubljana.com\/de\/wp-json\/wp\/v2\/media\/1001"}],"wp:attachment":[{"href":"https:\/\/stagpartyljubljana.com\/de\/wp-json\/wp\/v2\/media?parent=45"}],"curies":[{"name":"wp","href":"https:\/\/api.w.org\/{rel}","templated":true}]}}