{"id":41,"date":"2022-12-05T14:51:33","date_gmt":"2022-12-05T14:51:33","guid":{"rendered":"http:\/\/stagpartyljubljana.com\/?page_id=41"},"modified":"2022-12-09T12:29:16","modified_gmt":"2022-12-09T12:29:16","slug":"ljubljana-bars","status":"publish","type":"page","link":"https:\/\/stagpartyljubljana.com\/de\/ljubljana-bars\/","title":{"rendered":"Ljubljana Bars"},"content":{"rendered":"<p>Ein gro\u00dfer Teil der Partys in Ljubljana findet in Nachtclubs statt, aber einige der besten Bars der Stadt bieten ein ebenso aufregendes Nachtleben. Es ist auch erw\u00e4hnenswert, dass sie billiger sind und \u00fcber <strong>keine Eintrittsgelder<\/strong>.<\/p>\n\n\n\n<p>F\u00fcr einen tollen Abend in Ljubljana auf Ihrem Junggesellenabschied, schauen Sie sich unsere Liste der <strong>Die besten Bars in der slowenischen Hauptstadt<\/strong>.<\/p>\n\n\n\n<h2 class=\"wp-block-heading\">Parlament Kneipe<\/h2>\n\n\n\n<p>Der Parliament Pub ist das <strong>die beliebteste Studentenbar in Ljubljana<\/strong>. Es ist relativ preiswert, und die Auswahl an Getr\u00e4nken ist gro\u00df. Obwohl es sich eigentlich um eine Kneipe handelt, w\u00fcrden manche sagen, dass sie sich jeden Abend in einen Tanzclub mit DJ und einer Tanzfl\u00e4che verwandelt.<\/p>\n\n\n\n\n\n<p>Das Lokal befindet sich in der<strong> Zentrum von Ljubljana<\/strong>in der N\u00e4he des slowenischen Parlaments. Der Name des Lokals wurde von diesem Geb\u00e4ude inspiriert (das slowenische Wort f\u00fcr Parlament ist parlament). Es wird kein Eintritt verlangt. Die Leute bleiben oft die ganze Nacht und tanzen zu den besten Kl\u00e4ngen des DJs.<\/p>\n\n\n\n<h2 class=\"wp-block-heading\">Harat's Kneipe<\/h2>\n\n\n\n<p>Harat's Irish Pubs ist die gr\u00f6\u00dfte irische Pub-Kette der Welt und bietet von Donnerstag bis Samstag jeden Abend und im Sommer fast jeden Tag Live-Musik.<\/p>\n\n\n\n\n\n<p>Das Lokal befindet sich auf der <strong>Ufer des Flusses Ljubljanica<\/strong> im Zentrum von Ljubljana. Es ist ger\u00e4umig und hat ein nettes Ambiente, und hier werden wir unsere Reise beginnen. <a href=\"https:\/\/stagpartyljubljana.com\/de\/partei\/gefuhrte-pub-crawl-ljubljana\/\">Kneipentour Ljubljana<\/a>.<\/p>\n\n\n\n<h2 class=\"wp-block-heading\">Kapit\u00e4nskabine<\/h2>\n\n\n\n<p>Captain's Cabin ist eine unterirdische <strong>cocktail bar<\/strong> im Stadtzentrum von Ljubljana. Es ist jeden Abend und an Sonntagen ge\u00f6ffnet, wenn die meisten anderen Gesch\u00e4fte geschlossen sind.<\/p>\n\n\n\n\n\n<p>Die Bar hat ein maritimes Thema und bietet eine besondere<strong> Zwei-f\u00fcr-ein-Getr\u00e4nke-Special jeden Abend<\/strong>. Die Eigent\u00fcmer bieten auch die M\u00f6glichkeit, den Ort f\u00fcr einen privaten Junggesellenabschied zu mieten, wenn Sie es im Voraus buchen.<\/p>\n\n\n\n<h2 class=\"wp-block-heading\">Holidays' Pub<\/h2>\n\n\n\n<p>Holidays' Pub, der <strong>\u00e4lteste Bar in Ljubljana<\/strong>befindet sich an der Hauptstra\u00dfe neben dem Hotel Slon. Tags\u00fcber werden hier Speisen und Getr\u00e4nke serviert, aber erst nachts wird es richtig interessant.<\/p>\n\n\n\n\n\n<p>Jeden Mittwoch k\u00f6nnen Amateurs\u00e4ngerinnen und -s\u00e4nger im Holidays' Pub ihr Talent unter Beweis stellen, indem sie an folgenden Veranstaltungen teilnehmen <strong>Karaoke-Nacht<\/strong>. Wenn Sie nicht gerne singen, k\u00f6nnen Sie auch freitags oder samstags kommen, wenn DJs die beste Musik aus den 1970er Jahren auflegen.<\/p>\n\n\n\n<h2 class=\"wp-block-heading\">England Pub<\/h2>\n\n\n\n<p>Ljubljana hat seine eigene Version eines <strong>authentischer englischer Pub<\/strong>Wenn Sie noch nie in einem Pub waren, sollten Sie ihn besuchen. Der Besitzer dieses Pubs ist ein gro\u00dfer Fan des Fu\u00dfballvereins Manchester United, so dass Sie f\u00fcr ein freundliches Wort \u00fcber diese Mannschaft vielleicht sogar ein Freigetr\u00e4nk bekommen.<\/p>\n\n\n\n<figure class=\"wp-block-image size-full\"><img loading=\"lazy\" decoding=\"async\" width=\"960\" height=\"541\" src=\"https:\/\/stagpartyljubljana.com\/wp-content\/uploads\/England-pub.webp\" alt=\"England-Pub\" class=\"wp-image-951\" srcset=\"https:\/\/stagpartyljubljana.com\/wp-content\/uploads\/England-pub.webp 960w, https:\/\/stagpartyljubljana.com\/wp-content\/uploads\/England-pub-300x169.webp 300w, https:\/\/stagpartyljubljana.com\/wp-content\/uploads\/England-pub-768x433.webp 768w, https:\/\/stagpartyljubljana.com\/wp-content\/uploads\/England-pub-18x10.webp 18w\" sizes=\"auto, (max-width: 960px) 100vw, 960px\" \/><figcaption>England-Pub<\/figcaption><\/figure>\n\n\n\n<h2 class=\"wp-block-heading\">Patrick's Irish Pub<\/h2>\n\n\n\n<p>Patrick's ist ein<strong> typisch irischer Pub<\/strong>, wo viele Fu\u00dfballspiele \u00fcbertragen werden. Genie\u00dfen Sie das leckere Essen des Pubs und trinken Sie ein Bier, w\u00e4hrend Sie das Spiel verfolgen. Das Pub \u00f6ffnet jeden Tag von Dienstag bis Samstag um 19 Uhr und bleibt bis sp\u00e4t in die Nacht ge\u00f6ffnet.<\/p>\n\n\n\n\n\n<h2 class=\"wp-block-heading\">AS Aperitivo<\/h2>\n\n\n\n<p>Das AS Aperitivo ist ein Restaurant mit einer <strong>ausgezeichnete Auswahl an Speisen und Getr\u00e4nken<\/strong>, Live-Musik und eine angenehme Atmosph\u00e4re. Es befindet sich im Zentrum von Ljubljana, versteckt in einer angenehmen engen Stra\u00dfe, direkt am Fluss Ljubljanica.<\/p>\n\n\n\n\n\n<p>Es ist perfekt f\u00fcr eine <strong>Vorparty-Dinner<\/strong> bevor Sie in einen Club oder auf einen Drink gehen. Es ist etwas teurer als die anderen, aber man bekommt, wof\u00fcr man bezahlt: guten Service, wunderbares Ambiente, Live-Musik und erstklassige Speisen und Getr\u00e4nke.<\/p>\n\n\n\n<h2 class=\"wp-block-heading\">Cutty Sark<\/h2>\n\n\n\n<p>Die Cutty Sark ist ein <strong>Pub im britischen Stil<\/strong> mit einer langen Geschichte von Live-Musik und Partys. Das Lokal befindet sich im Herzen der Stadt, in der N\u00e4he der ber\u00fchmtesten Pl\u00e4tze und Stra\u00dfen von Ljubljana.<\/p>\n\n\n\n\n\n<p>Cutty Sark bietet eine gro\u00dfe Auswahl an lokalen und importierten Bieren, Spirituosen und Weinen. Es ist der perfekte Ort f\u00fcr eine Pause <strong>Getr\u00e4nke vor der Party<\/strong> bevor Sie in die Stadt gehen.<\/p>\n\n\n\n<h3 class=\"wp-block-heading\">Bist du bereit f\u00fcr den wildesten Junggesellenabschied aller Zeiten?<\/h3>\n\n\n\n<p>Unser <a href=\"https:\/\/stagpartyljubljana.com\/de\/partei\/\">Party-Pakete<\/a> wird Ihnen die beste Zeit in Ljubljana zeigen, einschlie\u00dflich <a href=\"https:\/\/stagpartyljubljana.com\/de\/partei\/gefuhrte-pub-crawl-ljubljana\/\">Kneipentour Ljubljana<\/a>, wo Sie die besten dieser Bars besuchen werden. Wir nehmen Sie mit auf einen unvergesslichen Abend, indem wir Ihnen zeigen, wie Sie Ljubljana von seiner besten Seite erleben k\u00f6nnen und geben Ihnen sogar Tipps, wie Ihr Junggesellenabschied ablaufen sollte!<\/p>\n\n\n\n<p>F\u00fcllen Sie unser <a href=\"https:\/\/stagpartyljubljana.com\/de\/anfrage\/\">Anfrageformular<\/a> und lassen Sie uns wissen, wo Sie feiern m\u00f6chten!<\/p>","protected":false},"excerpt":{"rendered":"<p>Ein gro\u00dfer Teil der Partys in Ljubljana findet in Nachtclubs statt, aber einige der besten Bars der Stadt bieten ein ebenso aufregendes Nachtleben. Es ist auch erw\u00e4hnenswert, dass sie billiger sind und keinen Eintritt kosten. F\u00fcr eine gro\u00dfartige Nacht in Ljubljana auf Ihrem Junggesellenabschied, schauen Sie sich unsere Liste von ... <a href=\"https:\/\/stagpartyljubljana.com\/de\/ljubljana-bars\/\">Fortsetzung<\/a><\/p>","protected":false},"author":43,"featured_media":954,"parent":0,"menu_order":0,"comment_status":"closed","ping_status":"closed","template":"","meta":{"_acf_changed":false,"footnotes":""},"class_list":["post-41","page","type-page","status-publish","has-post-thumbnail","hentry"],"acf":{"page_subheading":"You can choose from many bars in Ljubljana when looking for a party place to visit during your exploration of the nightlife in Slovenia\u2019s capital."},"_links":{"self":[{"href":"https:\/\/stagpartyljubljana.com\/de\/wp-json\/wp\/v2\/pages\/41","targetHints":{"allow":["GET"]}}],"collection":[{"href":"https:\/\/stagpartyljubljana.com\/de\/wp-json\/wp\/v2\/pages"}],"about":[{"href":"https:\/\/stagpartyljubljana.com\/de\/wp-json\/wp\/v2\/types\/page"}],"author":[{"embeddable":true,"href":"https:\/\/stagpartyljubljana.com\/de\/wp-json\/wp\/v2\/users\/43"}],"replies":[{"embeddable":true,"href":"https:\/\/stagpartyljubljana.com\/de\/wp-json\/wp\/v2\/comments?post=41"}],"version-history":[{"count":9,"href":"https:\/\/stagpartyljubljana.com\/de\/wp-json\/wp\/v2\/pages\/41\/revisions"}],"predecessor-version":[{"id":972,"href":"https:\/\/stagpartyljubljana.com\/de\/wp-json\/wp\/v2\/pages\/41\/revisions\/972"}],"wp:featuredmedia":[{"embeddable":true,"href":"https:\/\/stagpartyljubljana.com\/de\/wp-json\/wp\/v2\/media\/954"}],"wp:attachment":[{"href":"https:\/\/stagpartyljubljana.com\/de\/wp-json\/wp\/v2\/media?parent=41"}],"curies":[{"name":"wp","href":"https:\/\/api.w.org\/{rel}","templated":true}]}}